{"id":41,"date":"2017-05-09T15:40:12","date_gmt":"2017-05-09T15:40:12","guid":{"rendered":"http:\/\/www.transjbuendia.com\/blog\/?page_id=41"},"modified":"2017-08-22T08:08:16","modified_gmt":"2017-08-22T08:08:16","slug":"quienes-somos","status":"publish","type":"page","link":"https:\/\/transjbuendia.com\/blog\/quienes-somos\/","title":{"rendered":"QUIENES SOMOS"},"content":{"rendered":"<div class=\"entry-content\">\n<div id=\"attachment_353\" class=\"wp-caption alignnone\" style=\"width: 1510px;\">\n<div id=\"attachment_610\" style=\"width: 1510px\" class=\"wp-caption alignnone\"><img aria-describedby=\"caption-attachment-610\" loading=\"lazy\" class=\"size-full wp-image-610\" src=\"https:\/\/transjbuendia.com\/blog\/wp-content\/uploads\/2017\/05\/servicios-de-transporte-de-mercancias-1.jpg\" alt=\"servicios-de-transporte-de-mercancias\" width=\"1500\" height=\"1000\" srcset=\"https:\/\/transjbuendia.com\/blog\/wp-content\/uploads\/2017\/05\/servicios-de-transporte-de-mercancias-1.jpg 1500w, https:\/\/transjbuendia.com\/blog\/wp-content\/uploads\/2017\/05\/servicios-de-transporte-de-mercancias-1-300x200.jpg 300w, https:\/\/transjbuendia.com\/blog\/wp-content\/uploads\/2017\/05\/servicios-de-transporte-de-mercancias-1-768x512.jpg 768w, https:\/\/transjbuendia.com\/blog\/wp-content\/uploads\/2017\/05\/servicios-de-transporte-de-mercancias-1-1024x683.jpg 1024w\" sizes=\"(max-width: 1500px) 100vw, 1500px\" \/><p id=\"caption-attachment-610\" class=\"wp-caption-text\">servicios-de-transporte-de-mercancias<\/p><\/div>\n<\/div>\n<p style=\"text-align: justify;\"><span style=\"font-family: 'Ubuntu',sans-serif; font-size: 14px; color: #1f1f1f;\">Lo primero que desamos decir y dejar claro, es que nos apasiona el transporte. <\/span><\/p>\n<p style=\"text-align: justify;\"><span style=\"font-family: 'Ubuntu',sans-serif; font-size: 14px; color: #1f1f1f;\">Nuestra pasion va sobre ruedas.<\/span><\/p>\n<p style=\"text-align: justify;\"><span style=\"font-family: 'Ubuntu',sans-serif; font-size: 14px; color: #1f1f1f;\">No en vano, no solo estamos al rumbo de la empresa si no que antes estuvimos al volante de los camiones.<\/span><\/p>\n<p style=\"text-align: justify;\"><span style=\"font-family: 'Ubuntu',sans-serif; font-size: 14px; color: #1f1f1f;\">De ahi que conozcamos todos los aspectos del transporte y desde todos los puntos de vista posibles.<\/span><\/p>\n<p style=\"text-align: justify;\"><span style=\"font-family: 'Ubuntu',sans-serif; font-size: 14px; color: #1f1f1f;\">Y asi somos capaces de ponernos en la piel de los conductores\u00a0 y de los clientes, de las empresas y de las personas que llevan la mercancia hasta su destino.<\/span><\/p>\n<p style=\"text-align: justify;\"><span style=\"font-family: 'Ubuntu',sans-serif; font-size: 14px; color: #1f1f1f;\">Esto quiere decir que <em><strong>\u201cconducimos\u201d<\/strong><\/em> la empresa desde todos los puntos de vista posibles, pero sin apartar la vista de lo mas importante.<\/span><\/p>\n<p style=\"text-align: justify;\"><span style=\"font-family: 'Ubuntu',sans-serif; font-size: 14px; color: #1f1f1f;\">Ofrecer el mejor servicio posible, en todo momento.<br \/>\n<\/span><\/p>\n<p style=\"text-align: justify;\"><span style=\"font-family: 'Ubuntu',sans-serif; font-size: 14px; color: #1f1f1f;\">Trabajamos para la satisfaccion de todos los clientes con la maxima de la rapidez y calidad de los envios y anteponiendo nuestros valores en el compromiso de dar cada vez lo mejor de nosotros mismos.<\/span><\/p>\n<p style=\"text-align: justify;\"><span style=\"font-family: 'Ubuntu',sans-serif; font-size: 14px; color: #1f1f1f;\">La inmediatez, el trato personalizado, la calidad, tener una flota propia y unos precios altamente competitivos es lo que nos ha diferenciado todos estos a\u00f1os y ha impulsado nuestra empresa.<\/span><\/p>\n<p class=\"moto-text_normal\" style=\"text-align: justify;\"><span class=\"moto-color2_3\" style=\"font-family: 'Ubuntu',sans-serif; font-size: 14px; color: #1f1f1f;\">Por eso, estamos seguros que nuestra compa\u00f1\u00eda de transporte con 46 a\u00f1os de experiencia es su mejor opci\u00f3n para el env\u00edo de carga de cualquier tama\u00f1o, almacenamiento, embalaje o entrega de mercanc\u00edas a sus clientes.<\/span><\/p>\n<p style=\"text-align: justify;\"><span style=\"font-family: 'Ubuntu',sans-serif; font-size: 14px; color: #1f1f1f;\">Y aqui estamos para ayudarle a hacer crecer su negocio ofreciendo nuestros servicios exclusivos de transporte de mercancias a nivel nacional e internacional.<\/span><\/p>\n<div class=\"row-fluid\">\n<div class=\"thumbnails\">\n<div class=\"span4\">\n<div class=\"thumbnail\">\n<p><img loading=\"lazy\" class=\"alignnone size-full wp-image-632\" src=\"https:\/\/transjbuendia.com\/blog\/wp-content\/uploads\/2017\/05\/pasion-1.png\" alt=\"\" width=\"512\" height=\"319\" srcset=\"https:\/\/transjbuendia.com\/blog\/wp-content\/uploads\/2017\/05\/pasion-1.png 512w, https:\/\/transjbuendia.com\/blog\/wp-content\/uploads\/2017\/05\/pasion-1-300x187.png 300w\" sizes=\"(max-width: 512px) 100vw, 512px\" \/><\/p>\n<div class=\"caption\">\n<h1 style=\"text-align: center;\"><em><strong><span style=\"color: #0d8792;\"><span style=\"color: #005ec7;\">Pasion<\/span><br \/>\n<\/span><\/strong><\/em><\/h1>\n<h6 style=\"text-align: center;\"><span style=\"color: #1f1f1f;\">Pasion por el Transporte<\/span><small><br \/>\n<\/small><\/h6>\n<\/div>\n<\/div>\n<\/div>\n<div class=\"span4\">\n<div class=\"thumbnail\">\n<p><img loading=\"lazy\" class=\"alignnone size-full wp-image-633\" src=\"https:\/\/transjbuendia.com\/blog\/wp-content\/uploads\/2017\/05\/compromiso-1.png\" alt=\"\" width=\"512\" height=\"319\" srcset=\"https:\/\/transjbuendia.com\/blog\/wp-content\/uploads\/2017\/05\/compromiso-1.png 512w, https:\/\/transjbuendia.com\/blog\/wp-content\/uploads\/2017\/05\/compromiso-1-300x187.png 300w\" sizes=\"(max-width: 512px) 100vw, 512px\" \/><\/p>\n<div class=\"caption\">\n<h1 style=\"text-align: center;\"><strong><em><span style=\"color: #005ec7;\">Compromiso<\/span><\/em><\/strong><\/h1>\n<h6 style=\"text-align: center;\"><span style=\"color: #1f1f1f;\">Compromiso en los Tratos<\/span><small><br \/>\n<\/small><\/h6>\n<\/div>\n<\/div>\n<\/div>\n<div class=\"span4\">\n<div class=\"thumbnail\">\n<p><img loading=\"lazy\" class=\"alignnone size-full wp-image-634\" src=\"https:\/\/transjbuendia.com\/blog\/wp-content\/uploads\/2017\/05\/servicio-1.png\" alt=\"\" width=\"512\" height=\"319\" srcset=\"https:\/\/transjbuendia.com\/blog\/wp-content\/uploads\/2017\/05\/servicio-1.png 512w, https:\/\/transjbuendia.com\/blog\/wp-content\/uploads\/2017\/05\/servicio-1-300x187.png 300w\" sizes=\"(max-width: 512px) 100vw, 512px\" \/><\/p>\n<div class=\"caption\">\n<h1 style=\"text-align: center;\"><span style=\"color: #005ec7;\"><em><strong>Servicio<\/strong><\/em><\/span><\/h1>\n<h6 style=\"text-align: center;\"><span style=\"color: #1f1f1f;\">Servicio al Cliente<\/span><small><br \/>\n<\/small><\/h6>\n<\/div>\n<\/div>\n<\/div>\n<\/div>\n<\/div>\n<\/div>\n<p><span style=\"border-radius: 2px; text-indent: 20px; width: auto; padding: 0px 4px 0px 0px; text-align: center; font: bold 11px\/20px 'Helvetica Neue',Helvetica,sans-serif; color: #ffffff; background: #bd081c no-repeat scroll 3px 50% \/ 14px 14px; position: absolute; opacity: 1; z-index: 8675309; display: none; cursor: pointer; top: 1465px; left: 410px;\">Guardar<\/span><\/p>\n<p><span style=\"border-radius: 2px; text-indent: 20px; width: auto; padding: 0px 4px 0px 0px; text-align: center; font: bold 11px\/20px 'Helvetica Neue',Helvetica,sans-serif; color: #ffffff; background: #bd081c no-repeat scroll 3px 50% \/ 14px 14px; position: absolute; opacity: 1; z-index: 8675309; display: none; cursor: pointer;\">Guardar<\/span><\/p>\n<p><span style=\"border-radius: 2px; text-indent: 20px; width: auto; padding: 0px 4px 0px 0px; text-align: center; font: bold 11px\/20px 'Helvetica Neue',Helvetica,sans-serif; color: #ffffff; background: #bd081c no-repeat scroll 3px 50% \/ 14px 14px; position: absolute; opacity: 1; z-index: 8675309; display: none; cursor: pointer;\">Guardar<\/span><\/p>\n<p><span style=\"border-radius: 2px; text-indent: 20px; width: auto; padding: 0px 4px 0px 0px; text-align: center; font: bold 11px\/20px 'Helvetica Neue',Helvetica,sans-serif; color: #ffffff; background: #bd081c no-repeat scroll 3px 50% \/ 14px 14px; position: absolute; opacity: 1; z-index: 8675309; display: none; cursor: pointer;\">Guardar<\/span><\/p>\n<p><span style=\"border-radius: 2px; text-indent: 20px; width: auto; padding: 0px 4px 0px 0px; text-align: center; font: bold 11px\/20px 'Helvetica Neue',Helvetica,sans-serif; color: #ffffff; background: #bd081c no-repeat scroll 3px 50% \/ 14px 14px; position: absolute; opacity: 1; z-index: 8675309; display: none; cursor: pointer;\">Guardar<\/span><\/p>\n<p><span style=\"border-radius: 2px; text-indent: 20px; width: auto; padding: 0px 4px 0px 0px; text-align: center; font: bold 11px\/20px 'Helvetica Neue',Helvetica,sans-serif; color: #ffffff; background: #bd081c no-repeat scroll 3px 50% \/ 14px 14px; position: absolute; opacity: 1; z-index: 8675309; display: none; cursor: pointer; top: 1395px; left: 810px;\">Guardar<\/span><\/p>\n<p><span style=\"border-radius: 2px; text-indent: 20px; width: auto; padding: 0px 4px 0px 0px; text-align: center; font: bold 11px\/20px 'Helvetica Neue',Helvetica,sans-serif; color: #ffffff; background: #bd081c no-repeat scroll 3px 50% \/ 14px 14px; position: absolute; opacity: 1; z-index: 8675309; display: none; cursor: pointer;\">Guardar<\/span><\/p>\n","protected":false},"excerpt":{"rendered":"<p>Lo primero que desamos decir y dejar claro, es que nos apasiona el transporte. Nuestra pasion va sobre ruedas. No en vano, no solo estamos al rumbo de la empresa si no que antes estuvimos al volante de los camiones. De ahi que conozcamos todos los aspectos del transporte y desde todos los puntos de vista posibles. Y asi somos capaces de ponernos en la piel de los conductores\u00a0 y de los clientes, de las empresas y de las personas que llevan la mercancia hasta su destino. Esto quiere decir que \u201cconducimos\u201d la empresa desde todos los puntos de vista [&hellip;]<\/p>\n","protected":false},"author":1,"featured_media":0,"parent":0,"menu_order":0,"comment_status":"closed","ping_status":"closed","template":"page-templates\/frontpage-full-width.php","meta":[],"yoast_head":"<!-- This site is optimized with the Yoast SEO plugin v14.7 - https:\/\/yoast.com\/wordpress\/plugins\/seo\/ -->\n<title>QUIENES SOMOS - Blog de Transporte Mercancias-Transportes Joaquin Buendia-Transporte y Logistica<\/title>\n<meta name=\"description\" content=\"Transporte de mercancia, logistica y carga en toda espa\u00f1a. rutas madrid valencia. levante madrid.\" \/>\n<meta name=\"robots\" content=\"index, follow\" \/>\n<meta name=\"googlebot\" content=\"index, follow, max-snippet:-1, max-image-preview:large, max-video-preview:-1\" \/>\n<meta name=\"bingbot\" content=\"index, follow, max-snippet:-1, max-image-preview:large, max-video-preview:-1\" \/>\n<link rel=\"canonical\" href=\"https:\/\/transjbuendia.com\/blog\/quienes-somos\/\" \/>\n<meta property=\"og:locale\" content=\"es_ES\" \/>\n<meta property=\"og:type\" content=\"article\" \/>\n<meta property=\"og:title\" content=\"QUIENES SOMOS - Blog de Transporte Mercancias-Transportes Joaquin Buendia-Transporte y Logistica\" \/>\n<meta property=\"og:description\" content=\"Transporte de mercancia, logistica y carga en toda espa\u00f1a. rutas madrid valencia. levante madrid.\" \/>\n<meta property=\"og:url\" content=\"https:\/\/transjbuendia.com\/blog\/quienes-somos\/\" \/>\n<meta property=\"og:site_name\" content=\"Blog de Transporte Mercancias-Transportes Joaquin Buendia-Transporte y Logistica\" \/>\n<meta property=\"article:publisher\" content=\"https:\/\/www.facebook.com\/Transportes-Joaquin-Buendia-829489800539210\/\" \/>\n<meta property=\"article:author\" content=\"https:\/\/www.facebook.com\/Transportes-Joaquin-Buendia-829489800539210\/\" \/>\n<meta property=\"article:modified_time\" content=\"2017-08-22T08:08:16+00:00\" \/>\n<meta property=\"og:image\" content=\"https:\/\/transjbuendia.com\/blog\/wp-content\/uploads\/2017\/05\/servicios-de-transporte-de-mercancias-1.jpg\" \/>\n<meta name=\"twitter:card\" content=\"summary\" \/>\n<meta name=\"twitter:creator\" content=\"@TransJBuendia\" \/>\n<meta name=\"twitter:site\" content=\"@TransJBuendia\" \/>\n<script type=\"application\/ld+json\" class=\"yoast-schema-graph\">{\"@context\":\"https:\/\/schema.org\",\"@graph\":[{\"@type\":\"WebSite\",\"@id\":\"https:\/\/transjbuendia.com\/blog\/#website\",\"url\":\"https:\/\/transjbuendia.com\/blog\/\",\"name\":\"Blog de Transporte Mercancias-Transportes Joaquin Buendia-Transporte y Logistica\",\"description\":\"carga, logistica y transporte de mercancias. Ruta Madrid Valencia.\",\"potentialAction\":[{\"@type\":\"SearchAction\",\"target\":\"https:\/\/transjbuendia.com\/blog\/?s={search_term_string}\",\"query-input\":\"required name=search_term_string\"}],\"inLanguage\":\"es\"},{\"@type\":\"ImageObject\",\"@id\":\"https:\/\/transjbuendia.com\/blog\/quienes-somos\/#primaryimage\",\"inLanguage\":\"es\",\"url\":\"https:\/\/transjbuendia.com\/blog\/wp-content\/uploads\/2017\/05\/servicios-de-transporte-de-mercancias-1.jpg\",\"width\":1500,\"height\":1000,\"caption\":\"servicios-de-transporte-de-mercancias\"},{\"@type\":\"WebPage\",\"@id\":\"https:\/\/transjbuendia.com\/blog\/quienes-somos\/#webpage\",\"url\":\"https:\/\/transjbuendia.com\/blog\/quienes-somos\/\",\"name\":\"QUIENES SOMOS - Blog de Transporte Mercancias-Transportes Joaquin Buendia-Transporte y Logistica\",\"isPartOf\":{\"@id\":\"https:\/\/transjbuendia.com\/blog\/#website\"},\"primaryImageOfPage\":{\"@id\":\"https:\/\/transjbuendia.com\/blog\/quienes-somos\/#primaryimage\"},\"datePublished\":\"2017-05-09T15:40:12+00:00\",\"dateModified\":\"2017-08-22T08:08:16+00:00\",\"description\":\"Transporte de mercancia, logistica y carga en toda espa\\u00f1a. rutas madrid valencia. levante madrid.\",\"inLanguage\":\"es\",\"potentialAction\":[{\"@type\":\"ReadAction\",\"target\":[\"https:\/\/transjbuendia.com\/blog\/quienes-somos\/\"]}]}]}<\/script>\n<!-- \/ Yoast SEO plugin. -->","_links":{"self":[{"href":"https:\/\/transjbuendia.com\/blog\/wp-json\/wp\/v2\/pages\/41"}],"collection":[{"href":"https:\/\/transjbuendia.com\/blog\/wp-json\/wp\/v2\/pages"}],"about":[{"href":"https:\/\/transjbuendia.com\/blog\/wp-json\/wp\/v2\/types\/page"}],"author":[{"embeddable":true,"href":"https:\/\/transjbuendia.com\/blog\/wp-json\/wp\/v2\/users\/1"}],"replies":[{"embeddable":true,"href":"https:\/\/transjbuendia.com\/blog\/wp-json\/wp\/v2\/comments?post=41"}],"version-history":[{"count":0,"href":"https:\/\/transjbuendia.com\/blog\/wp-json\/wp\/v2\/pages\/41\/revisions"}],"wp:attachment":[{"href":"https:\/\/transjbuendia.com\/blog\/wp-json\/wp\/v2\/media?parent=41"}],"curies":[{"name":"wp","href":"https:\/\/api.w.org\/{rel}","templated":true}]}}