{"id":2,"date":"2017-04-22T18:10:42","date_gmt":"2017-04-22T18:10:42","guid":{"rendered":"http:\/\/www.transjbuendia.com\/blog\/?page_id=2"},"modified":"2020-06-23T10:11:21","modified_gmt":"2020-06-23T10:11:21","slug":"2-2","status":"publish","type":"page","link":"https:\/\/transjbuendia.com\/blog\/","title":{"rendered":""},"content":{"rendered":"<h1><span style=\"font-size: 14px;\"><a href=\"https:\/\/transjbuendia.com\/blog\/\"><span style=\"font-family: Ubuntu, sans-serif; color: #1f1f1f;\"><img loading=\"lazy\" class=\"alignnone size-full wp-image-864\" src=\"https:\/\/transjbuendia.com\/blog\/wp-content\/uploads\/2017\/04\/CAMION-PUERTO.jpeg\" alt=\"\" width=\"1600\" height=\"900\" srcset=\"https:\/\/transjbuendia.com\/blog\/wp-content\/uploads\/2017\/04\/CAMION-PUERTO.jpeg 1600w, https:\/\/transjbuendia.com\/blog\/wp-content\/uploads\/2017\/04\/CAMION-PUERTO-300x169.jpeg 300w, https:\/\/transjbuendia.com\/blog\/wp-content\/uploads\/2017\/04\/CAMION-PUERTO-768x432.jpeg 768w, https:\/\/transjbuendia.com\/blog\/wp-content\/uploads\/2017\/04\/CAMION-PUERTO-1024x576.jpeg 1024w\" sizes=\"(max-width: 1600px) 100vw, 1600px\" \/><\/span><\/a><\/span><\/h1>\n<p>&nbsp;<\/p>\n<h1><\/h1>\n<h1><span style=\"font-family: 'Ubuntu',sans-serif; font-size: 14px; color: #1f1f1f;\">\u00a0<\/span><em><strong><span style=\"color: #015ec7;\">Bienvenidos al Blog de Transportes Joaquin Buendia<\/span><\/strong><\/em><\/h1>\n<p>&nbsp;<\/p>\n<p style=\"text-align: justify;\"><span style=\"color: #000000; font-size: 14px; font-family: Ubuntu, sans-serif;\">Aqu\u00ed estar\u00e9is al corriente de las noticias y novedades que aportamos a nuestro negocio, y los servicios que realizamos a nuestros clientes.\u00a0<\/span><\/p>\n<p style=\"text-align: justify;\"><span style=\"font-family: Ubuntu, sans-serif; font-size: 14px; color: #000000;\">Aunque esto no es el comienzo de todo,\u00a0fue en el lejano a\u00f1o 1971 cuando iniciamos nuestra actividad en el mundo del transporte de mercanc\u00edas y desde entonces venimos ofreciendo servicios de alta calidad para todos nuestros clientes y colaboradores. <\/span><\/p>\n<p style=\"text-align: justify;\"><span style=\"font-family: Ubuntu, sans-serif; font-size: 14px; color: #000000;\">Aunque , en aquellos tiempos, no exist\u00edan las tecnolog\u00edas ni los medios de comunicaci\u00f3n que tanto facilita en la actualidad el trato con nuestros clientes y proveedores, ahora podemos hacerlo y ser part\u00edcipes de este mundo tan globalizado.<\/span><\/p>\n<p style=\"text-align: justify;\"><span style=\"font-family: Ubuntu, sans-serif; font-size: 14px; color: #000000;\">Trabajamos para la satisfacci\u00f3n de todos ellos con la m\u00e1xima de la rapidez y calidad de los env\u00edos y anteponiendo nuestros valores en el compromiso de dar cada vez lo mejor de nosotros mismos.<\/span><\/p>\n<p style=\"text-align: justify;\"><span style=\"font-family: Ubuntu, sans-serif; font-size: 14px; color: #000000;\">La inmediatez, el trato personalizado, la calidad, tener una flota propia y unos precios altamente competitivos es lo que nos ha diferenciado todos estos a\u00f1os y ha impulsado nuestra empresa.<\/span><\/p>\n<p class=\"moto-text_normal\" style=\"text-align: justify;\"><span class=\"moto-color2_3\" style=\"font-family: Ubuntu, sans-serif; font-size: 14px; color: #000000;\">Por eso, estamos seguros que nuestra compa\u00f1\u00eda de transporte con 46 a\u00f1os de experiencia es su mejor opci\u00f3n para el env\u00edo de carga de cualquier tama\u00f1o, almacenamiento, embalaje o entrega de mercanc\u00edas a sus clientes.<\/span><\/p>\n<p style=\"text-align: justify;\"><span style=\"font-family: Ubuntu, sans-serif; font-size: 14px; color: #000000;\">Y aqu\u00ed estamos para ayudarle a hacer crecer su negocio ofreciendo nuestros servicios exclusivos de transporte de mercanc\u00edas a nivel nacional e internacional.<\/span><\/p>\n<p style=\"text-align: justify;\"><img loading=\"lazy\" class=\"alignnone size-full wp-image-653\" src=\"https:\/\/transjbuendia.com\/blog\/wp-content\/uploads\/2017\/06\/logo-trans-1.png\" alt=\"\" width=\"128\" height=\"116\" \/><\/p>\n<p><span style=\"border-radius: 2px; text-indent: 20px; width: auto; padding: 0px 4px 0px 0px; text-align: center; font: bold 11px\/20px 'Helvetica Neue',Helvetica,sans-serif; color: #ffffff; background: #bd081c no-repeat scroll 3px 50% \/ 14px 14px; position: absolute; opacity: 1; z-index: 8675309; display: none; cursor: pointer;\">Guardar<\/span><\/p>\n<p><span style=\"border-radius: 2px; text-indent: 20px; width: auto; padding: 0px 4px 0px 0px; text-align: center; font: bold 11px\/20px 'Helvetica Neue',Helvetica,sans-serif; color: #ffffff; background: #bd081c no-repeat scroll 3px 50% \/ 14px 14px; position: absolute; opacity: 1; z-index: 8675309; display: none; cursor: pointer;\">Guardar<\/span><\/p>\n<p><span style=\"border-radius: 2px; text-indent: 20px; width: auto; padding: 0px 4px 0px 0px; text-align: center; font: bold 11px\/20px 'Helvetica Neue',Helvetica,sans-serif; color: #ffffff; background: #bd081c no-repeat scroll 3px 50% \/ 14px 14px; position: absolute; opacity: 1; z-index: 8675309; display: none; cursor: pointer;\">Guardar<\/span><\/p>\n","protected":false},"excerpt":{"rendered":"<p>&nbsp; \u00a0Bienvenidos al Blog de Transportes Joaquin Buendia &nbsp; Aqu\u00ed estar\u00e9is al corriente de las noticias y novedades que aportamos a nuestro negocio, y los servicios que realizamos a nuestros clientes.\u00a0 Aunque esto no es el comienzo de todo,\u00a0fue en el lejano a\u00f1o 1971 cuando iniciamos nuestra actividad en el mundo del transporte de mercanc\u00edas y desde entonces venimos ofreciendo servicios de alta calidad para todos nuestros clientes y colaboradores. Aunque , en aquellos tiempos, no exist\u00edan las tecnolog\u00edas ni los medios de comunicaci\u00f3n que tanto facilita en la actualidad el trato con nuestros clientes y proveedores, ahora podemos hacerlo [&hellip;]<\/p>\n","protected":false},"author":1,"featured_media":707,"parent":0,"menu_order":0,"comment_status":"open","ping_status":"open","template":"page-templates\/frontpage-full-width.php","meta":[],"yoast_head":"<!-- This site is optimized with the Yoast SEO plugin v14.7 - https:\/\/yoast.com\/wordpress\/plugins\/seo\/ -->\n<title>Blog de Transporte Mercanc\u00edas -Transportes Joaquin Buendia<\/title>\n<meta name=\"description\" content=\"Transporte de mercancia, logistica y carga en toda espa\u00f1a. rutas madrid valencia. levante madrid.\" \/>\n<meta name=\"robots\" content=\"index, follow\" \/>\n<meta name=\"googlebot\" content=\"index, follow, max-snippet:-1, max-image-preview:large, max-video-preview:-1\" \/>\n<meta name=\"bingbot\" content=\"index, follow, max-snippet:-1, max-image-preview:large, max-video-preview:-1\" \/>\n<link rel=\"canonical\" href=\"https:\/\/transjbuendia.com\/blog\/\" \/>\n<meta property=\"og:locale\" content=\"es_ES\" \/>\n<meta property=\"og:type\" content=\"article\" \/>\n<meta property=\"og:title\" content=\"Blog de Transporte Mercanc\u00edas -Transportes Joaquin Buendia\" \/>\n<meta property=\"og:description\" content=\"Transporte de mercancia, logistica y carga en toda espa\u00f1a. rutas madrid valencia. levante madrid.\" \/>\n<meta property=\"og:url\" content=\"https:\/\/transjbuendia.com\/blog\/\" \/>\n<meta property=\"og:site_name\" content=\"Blog de Transporte Mercancias-Transportes Joaquin Buendia-Transporte y Logistica\" \/>\n<meta property=\"article:publisher\" content=\"https:\/\/www.facebook.com\/Transportes-Joaquin-Buendia-829489800539210\/\" \/>\n<meta property=\"article:author\" content=\"https:\/\/www.facebook.com\/Transportes-Joaquin-Buendia-829489800539210\/\" \/>\n<meta property=\"article:modified_time\" content=\"2020-06-23T10:11:21+00:00\" \/>\n<meta property=\"og:image\" content=\"https:\/\/transjbuendia.com\/blog\/wp-content\/uploads\/2017\/04\/transportes-joaquin-buendia-1-e1507819328523.jpg\" \/>\n\t<meta property=\"og:image:width\" content=\"600\" \/>\n\t<meta property=\"og:image:height\" content=\"338\" \/>\n<meta name=\"twitter:card\" content=\"summary\" \/>\n<meta name=\"twitter:creator\" content=\"@TransJBuendia\" \/>\n<meta name=\"twitter:site\" content=\"@TransJBuendia\" \/>\n<script type=\"application\/ld+json\" class=\"yoast-schema-graph\">{\"@context\":\"https:\/\/schema.org\",\"@graph\":[{\"@type\":\"WebSite\",\"@id\":\"https:\/\/transjbuendia.com\/blog\/#website\",\"url\":\"https:\/\/transjbuendia.com\/blog\/\",\"name\":\"Blog de Transporte Mercancias-Transportes Joaquin Buendia-Transporte y Logistica\",\"description\":\"carga, logistica y transporte de mercancias. Ruta Madrid Valencia.\",\"potentialAction\":[{\"@type\":\"SearchAction\",\"target\":\"https:\/\/transjbuendia.com\/blog\/?s={search_term_string}\",\"query-input\":\"required name=search_term_string\"}],\"inLanguage\":\"es\"},{\"@type\":\"ImageObject\",\"@id\":\"https:\/\/transjbuendia.com\/blog\/#primaryimage\",\"inLanguage\":\"es\",\"url\":\"https:\/\/transjbuendia.com\/blog\/wp-content\/uploads\/2017\/04\/transportes-joaquin-buendia-1-e1507819328523.jpg\",\"width\":600,\"height\":338,\"caption\":\"transportes-joaquin-buendia\"},{\"@type\":\"WebPage\",\"@id\":\"https:\/\/transjbuendia.com\/blog\/#webpage\",\"url\":\"https:\/\/transjbuendia.com\/blog\/\",\"name\":\"Blog de Transporte Mercanc\\u00edas -Transportes Joaquin Buendia\",\"isPartOf\":{\"@id\":\"https:\/\/transjbuendia.com\/blog\/#website\"},\"primaryImageOfPage\":{\"@id\":\"https:\/\/transjbuendia.com\/blog\/#primaryimage\"},\"datePublished\":\"2017-04-22T18:10:42+00:00\",\"dateModified\":\"2020-06-23T10:11:21+00:00\",\"description\":\"Transporte de mercancia, logistica y carga en toda espa\\u00f1a. rutas madrid valencia. levante madrid.\",\"inLanguage\":\"es\",\"potentialAction\":[{\"@type\":\"ReadAction\",\"target\":[\"https:\/\/transjbuendia.com\/blog\/\"]}]}]}<\/script>\n<!-- \/ Yoast SEO plugin. -->","_links":{"self":[{"href":"https:\/\/transjbuendia.com\/blog\/wp-json\/wp\/v2\/pages\/2"}],"collection":[{"href":"https:\/\/transjbuendia.com\/blog\/wp-json\/wp\/v2\/pages"}],"about":[{"href":"https:\/\/transjbuendia.com\/blog\/wp-json\/wp\/v2\/types\/page"}],"author":[{"embeddable":true,"href":"https:\/\/transjbuendia.com\/blog\/wp-json\/wp\/v2\/users\/1"}],"replies":[{"embeddable":true,"href":"https:\/\/transjbuendia.com\/blog\/wp-json\/wp\/v2\/comments?post=2"}],"version-history":[{"count":6,"href":"https:\/\/transjbuendia.com\/blog\/wp-json\/wp\/v2\/pages\/2\/revisions"}],"predecessor-version":[{"id":870,"href":"https:\/\/transjbuendia.com\/blog\/wp-json\/wp\/v2\/pages\/2\/revisions\/870"}],"wp:featuredmedia":[{"embeddable":true,"href":"https:\/\/transjbuendia.com\/blog\/wp-json\/wp\/v2\/media\/707"}],"wp:attachment":[{"href":"https:\/\/transjbuendia.com\/blog\/wp-json\/wp\/v2\/media?parent=2"}],"curies":[{"name":"wp","href":"https:\/\/api.w.org\/{rel}","templated":true}]}}