{"id":177,"date":"2017-05-10T11:55:25","date_gmt":"2017-05-10T11:55:25","guid":{"rendered":"http:\/\/www.transjbuendia.com\/blog\/?page_id=177"},"modified":"2019-05-10T11:12:49","modified_gmt":"2019-05-10T11:12:49","slug":"ley-de-cookies","status":"publish","type":"page","link":"https:\/\/transjbuendia.com\/blog\/ley-de-cookies\/","title":{"rendered":"LEY DE COOKIES"},"content":{"rendered":"<p>&nbsp;<\/p>\n<style type=\"text\/css\">\n\t<!--\n\t\t@page { margin: 2cm }\n\t\tH4 { margin-top: 0cm; margin-bottom: 0cm; color: #ce142b; line-height: 100%; page-break-after: auto }\n\t\tH4.western { font-family: \"inherit\", serif; font-size: 13pt }\n\t\tH4.cjk { font-family: \"Arial Unicode MS\"; font-size: 13pt }\n\t\tH4.ctl { font-family: \"Helvetica\"; font-size: 13pt }\n\t\tP { margin-bottom: 0.21cm }\n\t-->\n\t<\/style>\n<p align=\"JUSTIFY\"><span style=\"font-family: Calibri, serif; font-size: 16px;\"><i>Una cookie es un archivo de informaci\u00f3n que el servidor de este sitio web env\u00eda al dispositivo (ordenador,\u00a0smartphone, tablet,\u00a0etc.) de quien accede a la p\u00e1gina para almacenar y recuperar informaci\u00f3n sobre la navegaci\u00f3n que se efect\u00faa desde dicho equipo.<\/i><\/span><\/p>\n<p align=\"JUSTIFY\"><span style=\"font-family: Times New Roman, serif; font-size: 16px;\"><span style=\"font-family: Calibri, serif;\"><i>TRANS JOAQUIN BUENDIA, S.L.U.<\/i><\/span><span style=\"color: #515151;\"><span style=\"font-family: Merriweather, serif;\">\u00a0<\/span><\/span><span style=\"font-family: Calibri, serif;\"><i>utiliza diversos tipos de\u00a0cookies<\/i><\/span><span style=\"font-family: Calibri, serif;\">\u00a0<\/span><span style=\"font-family: Calibri, serif;\"><i>(t\u00e9cnicas, anal\u00edticas y sociales) \u00fanicamente con la finalidad de mejorar la navegaci\u00f3n del usuario en el sitio web, sin ning\u00fan tipo de objeto publicitario o similar.<\/i><\/span><\/span><\/p>\n<p align=\"JUSTIFY\"><span style=\"font-family: Times New Roman, serif; font-size: 16px;\"><span style=\"font-family: Calibri, serif;\"><i>TRANS JOAQUIN BUENDIA, S.L.U.<\/i><\/span><span style=\"color: #515151;\"><span style=\"font-family: Merriweather, serif;\">, <\/span><\/span><span style=\"font-family: Calibri, serif;\"><i>a trav\u00e9s de las\u00a0cookies\u00a0no recoge dato personal alguno. Todas las\u00a0cookies, salvo las utilizadas por el sistema de estad\u00edsticas Google Analytics son temporales y desaparecen al concluir la sesi\u00f3n.<\/i><\/span><\/span><\/p>\n<p><span style=\"font-family: Times New Roman, serif; font-size: 16px;\"><span style=\"font-family: Calibri, serif;\"><i>TRANS JOAQUIN BUENDIA, S.L.U.<\/i><\/span><span style=\"color: #515151;\"><span style=\"font-family: Merriweather, serif;\">\u00a0<\/span><\/span><span style=\"font-family: Calibri, serif;\"><i>utiliza en este sitio web las\u00a0cookies<\/i><\/span><span style=\"font-family: Calibri, serif;\">\u00a0<\/span><span style=\"font-family: Calibri, serif;\"><i>que se detallan a continuaci\u00f3n:<\/i><\/span><\/span><\/p>\n<table border=\"1\" width=\"657\" cellspacing=\"0\" cellpadding=\"8\">\n<colgroup>\n<col width=\"146\" \/>\n<col width=\"147\" \/>\n<col width=\"148\" \/>\n<col width=\"149\" \/> <\/colgroup>\n<tbody>\n<tr valign=\"TOP\">\n<td width=\"146\">\n<h4 class=\"western\" align=\"JUSTIFY\"><span style=\"color: #464646; font-size: 16px;\"><span style=\"font-family: Calibri, serif;\">Tipo<\/span><\/span><\/h4>\n<\/td>\n<td width=\"147\">\n<h4 class=\"western\" align=\"JUSTIFY\"><span style=\"color: #464646; font-size: 16px;\"><span style=\"font-family: Calibri, serif;\">Caducidad<\/span><\/span><\/h4>\n<\/td>\n<td width=\"148\">\n<h4 class=\"western\" align=\"JUSTIFY\"><span style=\"color: #464646; font-size: 16px;\"><span style=\"font-family: Calibri, serif;\">Finalidad<\/span><\/span><\/h4>\n<\/td>\n<td width=\"149\">\n<h4 class=\"western\" align=\"JUSTIFY\"><span style=\"color: #464646; font-size: 16px;\"><span style=\"font-family: Calibri, serif;\">Propias\/Terceros<\/span><\/span><\/h4>\n<\/td>\n<\/tr>\n<tr valign=\"TOP\">\n<td width=\"146\" height=\"50\"><span style=\"font-size: 16px;\">\u00a0<\/span><\/td>\n<td width=\"147\"><span style=\"font-size: 16px;\">\u00a0<\/span><\/td>\n<td width=\"148\"><span style=\"font-size: 16px;\">\u00a0<\/span><\/td>\n<td width=\"149\"><span style=\"font-size: 16px;\">\u00a0<\/span><\/td>\n<\/tr>\n<tr valign=\"TOP\">\n<td width=\"146\" height=\"62\"><span style=\"font-size: 16px;\">\u00a0<\/span><\/td>\n<td width=\"147\"><span style=\"font-size: 16px;\">\u00a0<\/span><\/td>\n<td width=\"148\"><span style=\"font-size: 16px;\">\u00a0<\/span><\/td>\n<td width=\"149\"><span style=\"font-size: 16px;\">\u00a0<\/span><\/td>\n<\/tr>\n<\/tbody>\n<\/table>\n<p align=\"JUSTIFY\"><span style=\"font-family: Times New Roman, serif; font-size: 16px;\"><span style=\"font-family: Calibri, serif;\"><i>El usuario podr\u00e1, en cualquier momento, elegir qu\u00e9 cookies quiere que funcionen en este sitio web mediante:<\/i><\/span><\/span><\/p>\n<p align=\"JUSTIFY\"><span style=\"font-family: Times New Roman, serif; font-size: 16px;\"><span style=\"font-family: Calibri, serif;\"><i>a) La configuraci\u00f3n del\u00a0<\/i><\/span><span style=\"font-family: Calibri, serif;\"><i><b>navegador<\/b><\/i><\/span><span style=\"font-family: Calibri, serif;\"><i>; (indicar enlace en cada navegador para habilitar o deshabilitar cookies)<\/i><\/span><\/span><\/p>\n<p align=\"JUSTIFY\"><span style=\"font-family: Times New Roman, serif; font-size: 16px;\"><span style=\"font-family: Calibri, serif;\"><i>b) Herramientas de terceros, disponibles on line, que permiten a los usuarios detectar las\u00a0cookies\u00a0en cada sitio web que visita y gestionar su desactivaci\u00f3n.<\/i><\/span><\/span><\/p>\n<p align=\"JUSTIFY\"><span style=\"font-family: Times New Roman, serif; font-size: 16px;\"><span style=\"font-family: Calibri, serif;\"><i>Ni esta web, ni sus representantes legales se hacen responsables ni del contenido ni de la veracidad de las pol\u00edticas de privacidad que puedan tener los terceros mencionados en esta pol\u00edtica de\u00a0cookies.<\/i><\/span><\/span><\/p>\n<p align=\"JUSTIFY\"><span style=\"font-family: Calibri, serif; font-size: 16px;\"><i>La aceptaci\u00f3n de la presente pol\u00edtica implica que el usuario ha sido informado de una forma clara y completa sobre el uso de dispositivos de almacenamiento y recuperaci\u00f3n de datos (cookies) as\u00ed como que TRANS JOAQUIN BUENDIA, S.L.U. dispone del consentimiento del usuario para el uso de las mismas tal y como establece el art\u00edculo 22 de la Ley 34\/2002, de 11 de julio, de Servicios de la Sociedad de la Informaci\u00f3n y Comercio Electr\u00f3nico (LSSI-CE).<\/i><\/span><\/p>\n<p>&nbsp;<\/p>\n","protected":false},"excerpt":{"rendered":"<p>&nbsp; Una cookie es un archivo de informaci\u00f3n que el servidor de este sitio web env\u00eda al dispositivo (ordenador,\u00a0smartphone, tablet,\u00a0etc.) de quien accede a la p\u00e1gina para almacenar y recuperar informaci\u00f3n sobre la navegaci\u00f3n que se efect\u00faa desde dicho equipo. TRANS JOAQUIN BUENDIA, S.L.U.\u00a0utiliza diversos tipos de\u00a0cookies\u00a0(t\u00e9cnicas, anal\u00edticas y sociales) \u00fanicamente con la finalidad de mejorar la navegaci\u00f3n del usuario en el sitio web, sin ning\u00fan tipo de objeto publicitario o similar. TRANS JOAQUIN BUENDIA, S.L.U., a trav\u00e9s de las\u00a0cookies\u00a0no recoge dato personal alguno. Todas las\u00a0cookies, salvo las utilizadas por el sistema de estad\u00edsticas Google Analytics son temporales y desaparecen [&hellip;]<\/p>\n","protected":false},"author":1,"featured_media":0,"parent":0,"menu_order":0,"comment_status":"closed","ping_status":"closed","template":"page-templates\/frontpage-full-width.php","meta":[],"yoast_head":"<!-- This site is optimized with the Yoast SEO plugin v14.7 - https:\/\/yoast.com\/wordpress\/plugins\/seo\/ -->\n<title>LEY DE COOKIES - Blog de Transporte Mercancias-Transportes Joaquin Buendia-Transporte y Logistica<\/title>\n<meta name=\"description\" content=\"Transporte de mercancia, logistica y carga en toda espa\u00f1a. rutas madrid valencia. levante madrid.\" \/>\n<meta name=\"robots\" content=\"index, follow\" \/>\n<meta name=\"googlebot\" content=\"index, follow, max-snippet:-1, max-image-preview:large, max-video-preview:-1\" \/>\n<meta name=\"bingbot\" content=\"index, follow, max-snippet:-1, max-image-preview:large, max-video-preview:-1\" \/>\n<link rel=\"canonical\" href=\"https:\/\/transjbuendia.com\/blog\/ley-de-cookies\/\" \/>\n<meta property=\"og:locale\" content=\"es_ES\" \/>\n<meta property=\"og:type\" content=\"article\" \/>\n<meta property=\"og:title\" content=\"LEY DE COOKIES - Blog de Transporte Mercancias-Transportes Joaquin Buendia-Transporte y Logistica\" \/>\n<meta property=\"og:description\" content=\"Transporte de mercancia, logistica y carga en toda espa\u00f1a. rutas madrid valencia. levante madrid.\" \/>\n<meta property=\"og:url\" content=\"https:\/\/transjbuendia.com\/blog\/ley-de-cookies\/\" \/>\n<meta property=\"og:site_name\" content=\"Blog de Transporte Mercancias-Transportes Joaquin Buendia-Transporte y Logistica\" \/>\n<meta property=\"article:publisher\" content=\"https:\/\/www.facebook.com\/Transportes-Joaquin-Buendia-829489800539210\/\" \/>\n<meta property=\"article:author\" content=\"https:\/\/www.facebook.com\/Transportes-Joaquin-Buendia-829489800539210\/\" \/>\n<meta property=\"article:modified_time\" content=\"2019-05-10T11:12:49+00:00\" \/>\n<meta name=\"twitter:card\" content=\"summary\" \/>\n<meta name=\"twitter:creator\" content=\"@TransJBuendia\" \/>\n<meta name=\"twitter:site\" content=\"@TransJBuendia\" \/>\n<script type=\"application\/ld+json\" class=\"yoast-schema-graph\">{\"@context\":\"https:\/\/schema.org\",\"@graph\":[{\"@type\":\"WebSite\",\"@id\":\"https:\/\/transjbuendia.com\/blog\/#website\",\"url\":\"https:\/\/transjbuendia.com\/blog\/\",\"name\":\"Blog de Transporte Mercancias-Transportes Joaquin Buendia-Transporte y Logistica\",\"description\":\"carga, logistica y transporte de mercancias. Ruta Madrid Valencia.\",\"potentialAction\":[{\"@type\":\"SearchAction\",\"target\":\"https:\/\/transjbuendia.com\/blog\/?s={search_term_string}\",\"query-input\":\"required name=search_term_string\"}],\"inLanguage\":\"es\"},{\"@type\":\"WebPage\",\"@id\":\"https:\/\/transjbuendia.com\/blog\/ley-de-cookies\/#webpage\",\"url\":\"https:\/\/transjbuendia.com\/blog\/ley-de-cookies\/\",\"name\":\"LEY DE COOKIES - Blog de Transporte Mercancias-Transportes Joaquin Buendia-Transporte y Logistica\",\"isPartOf\":{\"@id\":\"https:\/\/transjbuendia.com\/blog\/#website\"},\"datePublished\":\"2017-05-10T11:55:25+00:00\",\"dateModified\":\"2019-05-10T11:12:49+00:00\",\"description\":\"Transporte de mercancia, logistica y carga en toda espa\\u00f1a. rutas madrid valencia. levante madrid.\",\"inLanguage\":\"es\",\"potentialAction\":[{\"@type\":\"ReadAction\",\"target\":[\"https:\/\/transjbuendia.com\/blog\/ley-de-cookies\/\"]}]}]}<\/script>\n<!-- \/ Yoast SEO plugin. -->","_links":{"self":[{"href":"https:\/\/transjbuendia.com\/blog\/wp-json\/wp\/v2\/pages\/177"}],"collection":[{"href":"https:\/\/transjbuendia.com\/blog\/wp-json\/wp\/v2\/pages"}],"about":[{"href":"https:\/\/transjbuendia.com\/blog\/wp-json\/wp\/v2\/types\/page"}],"author":[{"embeddable":true,"href":"https:\/\/transjbuendia.com\/blog\/wp-json\/wp\/v2\/users\/1"}],"replies":[{"embeddable":true,"href":"https:\/\/transjbuendia.com\/blog\/wp-json\/wp\/v2\/comments?post=177"}],"version-history":[{"count":2,"href":"https:\/\/transjbuendia.com\/blog\/wp-json\/wp\/v2\/pages\/177\/revisions"}],"predecessor-version":[{"id":854,"href":"https:\/\/transjbuendia.com\/blog\/wp-json\/wp\/v2\/pages\/177\/revisions\/854"}],"wp:attachment":[{"href":"https:\/\/transjbuendia.com\/blog\/wp-json\/wp\/v2\/media?parent=177"}],"curies":[{"name":"wp","href":"https:\/\/api.w.org\/{rel}","templated":true}]}}