{"id":168,"date":"2017-05-10T11:50:21","date_gmt":"2017-05-10T11:50:21","guid":{"rendered":"http:\/\/www.transjbuendia.com\/blog\/?page_id=168"},"modified":"2019-05-10T13:27:36","modified_gmt":"2019-05-10T13:27:36","slug":"politica-de-privacidad","status":"publish","type":"page","link":"https:\/\/transjbuendia.com\/blog\/politica-de-privacidad\/","title":{"rendered":"POLITICA DE PRIVACIDAD"},"content":{"rendered":"<p>&nbsp;<\/p>\n<style type=\"text\/css\">\n\t<!-- @page { margin: 2cm } P { margin-bottom: 0.21cm } --><br \/>\n\t<\/style>\n<p><b>POL\u00cdTICA DE PRIVACIDAD Y AVISO LEGAL WEB<\/b><\/p>\n<p align=\"JUSTIFY\"><a name=\"_Hlk509839044\"><\/a> <span style=\"color: #000000;\"><span style=\"font-family: Arial, serif;\"><span style=\"font-size: medium;\"><span style=\"font-family: Calibri, serif;\"><span style=\"font-size: small;\"><i><b>PROTECCI\u00d3N DE DATOS TRANS JOAQUIN BUENDIA, S.L.U..<\/b><\/i><\/span><\/span><\/span><\/span><\/span><\/p>\n<p align=\"JUSTIFY\"><span style=\"color: #000000; font-size: 16px;\"><span style=\"font-family: Arial, serif;\"><span style=\"font-family: Calibri, serif;\"><i>La empresa garantiza a los usuarios de la p\u00e1gina web que cumple con el Reglamento General de Protecci\u00f3n de Datos (UE) 2016\/679, y que ha establecido las medidas de seguridad exigidas por las leyes y reglamentos destinados a preservar el secreto, confidencialidad e integridad en el tratamiento de sus datos personales. <\/i><\/span><\/span><\/span><\/p>\n<p align=\"JUSTIFY\"><span style=\"color: #000000; font-size: 16px;\"><span style=\"font-family: Arial, serif;\"><span style=\"font-family: Calibri, serif;\"><i>Dichos datos personales ser\u00e1n utilizados en la forma y con las limitaciones y derechos que concede la protecci\u00f3n de datos de car\u00e1cter personal. <\/i><\/span><\/span><\/span><\/p>\n<p align=\"JUSTIFY\"><span style=\"color: #000000; font-size: 16px;\"><span style=\"font-family: Arial, serif;\"><span style=\"font-family: Calibri, serif;\"><i>La recogida y tratamiento de los datos personales solicitados tiene como finalidad la atenci\u00f3n al usuario, tanto administrativa como comercial. TRANS JOAQUIN BUENDIA, S.L.U. se compromete a guardar la m\u00e1xima reserva, secreto y confidencialidad sobre la informaci\u00f3n de los datos personales que tiene a su disposici\u00f3n. Usted tiene derecho a obtener confirmaci\u00f3n sobre si en TRANS JOAQUIN BUENDIA, S.L.U.. estamos tratando sus datos personales por tanto tiene derecho a acceder a sus datos personales, rectificar los datos inexacto o solicitar su supresi\u00f3n cuando los datos ya no sean necesarios para los fines que fueron recogidos.<\/i><\/span><\/span><\/span><\/p>\n<p align=\"JUSTIFY\"><span style=\"color: #000000; font-size: 16px;\"><span style=\"font-family: Arial, serif;\"><span style=\"font-family: Calibri, serif;\"><i><b>AVISO LEGAL LSSI \u2013 CE <\/b><\/i><\/span><i> <\/i><\/span><\/span><\/p>\n<p align=\"JUSTIFY\"><span style=\"color: #000000; font-size: 16px;\"><span style=\"font-family: Arial, serif;\"><span style=\"font-family: Calibri, serif;\"><i>En cumplimiento de la Ley 34\/2002, de 11 de julio, de Servicios de la Sociedad de la Informaci\u00f3n y de Comercio Electr\u00f3nico (LSSI-CE), la entidad TRANS JOAQUIN BUENDIA, S.L.U. le informa que es titular del sitio web. De acuerdo con la exigencia del art\u00edculo 10 de la citada Ley, informa de los siguientes datos: <\/i><\/span><\/span><\/span><\/p>\n<p align=\"JUSTIFY\"><span style=\"color: #000000; font-size: 16px;\"><span style=\"font-family: Arial, serif;\"><span style=\"font-family: Calibri, serif;\"><i>El titular de este sitio web es: TRANS JOAQUIN BUENDIA, S.L.U.<\/i><\/span><\/span><\/span><\/p>\n<p align=\"JUSTIFY\"><span style=\"color: #000000; font-size: 16px;\"><span style=\"font-family: Arial, serif;\"><span style=\"font-family: Calibri, serif;\"><i>NIF: B16305351<\/i><\/span><\/span><\/span><\/p>\n<p align=\"JUSTIFY\"><span style=\"color: #000000; font-size: 16px;\"><span style=\"font-family: Arial, serif;\"><span style=\"font-family: Calibri, serif;\"><i>Domicilio social: C\/Cam\u00ec Mas de Moret, 5 &#8211; Pol Ind. La Ga, 46970 Alaqu\u00e0s (Valencia) <\/i><\/span><\/span><\/span><\/p>\n<p align=\"JUSTIFY\"><span style=\"color: #000000; font-size: 16px;\"><span style=\"font-family: Arial, serif;\"><span style=\"font-family: Calibri, serif;\"><i><b>USUARIOS<\/b><\/i><\/span><\/span><\/span><\/p>\n<p align=\"JUSTIFY\"><span style=\"color: #000000; font-size: 16px;\"><span style=\"font-family: Arial, serif;\"><span style=\"font-family: Calibri, serif;\"><i>El acceso y\/o uso de este portal le atribuye la condici\u00f3n de USUARIO, que acepta, desde dicho acceso y\/o uso, las Condiciones Generales de Uso aqu\u00ed reflejadas. Las citadas Condiciones ser\u00e1n de aplicaci\u00f3n independientemente de las Condiciones Generales de Contrataci\u00f3n que en su caso resulten de obligado cumplimiento.<\/i><\/span><\/span><\/span><\/p>\n<p align=\"JUSTIFY\"><span style=\"font-family: Calibri, serif; font-size: 16px;\"><i><b>USO DEL PORTAL<\/b><\/i><\/span><\/p>\n<p align=\"JUSTIFY\"><span style=\"font-family: Calibri, serif; font-size: 16px;\"><i>La p\u00e1gina web proporciona el acceso a multitud de informaciones, servicios, programas o datos (en adelante, \u201clos contenidos\u201d) en Internet pertenecientes a TRANS JOAQUIN BUENDIA, S.L.U. o a sus licenciantes a los que el USUARIO pueda tener acceso. El USUARIO asume la responsabilidad del uso del portal. Dicha responsabilidad se extiende al registro que fuese necesario para acceder a determinados servicios o contenidos.<\/i><\/span><\/p>\n<p align=\"JUSTIFY\"><span style=\"color: #000000; font-size: 16px;\"><span style=\"font-family: Arial, serif;\"><span style=\"font-family: Calibri, serif;\"><i>En dicho registro el USUARIO ser\u00e1 responsable de aportar informaci\u00f3n veraz y l\u00edcita. Como consecuencia de este registro, al USUARIO se le puede proporcionar una contrase\u00f1a de la que ser\u00e1 responsable, comprometi\u00e9ndose a hacer un uso diligente y confidencial de la misma. El USUARIO se compromete a hacer un uso adecuado de los contenidos y servicios que TRANS JOAQUIN BUENDIA, S.L.U. ofrece a trav\u00e9s de su portal y con car\u00e1cter enunciativo pero no limitativo, a no emplearlos para: <\/i><\/span><\/span><\/span><\/p>\n<ol type=\"i\">\n<li>\n<p align=\"JUSTIFY\"><span style=\"color: #000000; font-size: 16px;\"><span style=\"font-family: Arial, serif;\"><span style=\"font-family: Calibri, serif;\"><i>incurrir en actividades il\u00edcitas, ilegales o contrarias a la buena fe y al orden p\u00fablico<\/i><\/span><\/span><\/span><\/p>\n<\/li>\n<li>\n<p align=\"JUSTIFY\"><span style=\"color: #000000; font-size: 16px;\"><span style=\"font-family: Arial, serif;\"><span style=\"font-family: Calibri, serif;\"><i>difundir contenidos o propaganda de car\u00e1cter racista, xen\u00f3fobo, pornogr\u00e1fico-ilegal, de apolog\u00eda del terrorismo o atentatorio contra los derechos humanos<\/i><\/span><\/span><\/span><\/p>\n<\/li>\n<li>\n<p align=\"JUSTIFY\"><span style=\"color: #000000; font-size: 16px;\"><span style=\"font-family: Arial, serif;\"><span style=\"font-family: Calibri, serif;\"><i>provocar da\u00f1os en los sistemas f\u00edsicos y l\u00f3gicos de TRANS JOAQUIN BUENDIA, S.L.U., de sus proveedores o de terceras personas, introducir o difundir en la red virus inform\u00e1ticos o cualesquiera otros sistemas f\u00edsicos o l\u00f3gicos que sean susceptibles de provocar los da\u00f1os anteriormente mencionados;<\/i><\/span><\/span><\/span><\/p>\n<\/li>\n<li>\n<p align=\"JUSTIFY\"><span style=\"color: #000000; font-size: 16px;\"><span style=\"font-family: Arial, serif;\"><span style=\"font-family: Calibri, serif;\"><i>intentar acceder y, en su caso, utilizar las cuentas de correo electr\u00f3nico de otros usuarios y modificar manipular sus mensajes. TRANS JOAQUIN BUENDIA, S.L.U. se reserva el derecho de retirar todos aquellos comentarios y aportaciones que vulneren el respeto a la dignidad de la persona, que sean discriminatorios, xen\u00f3fobos, racistas, pornogr\u00e1ficos, que atenten contra la juventud o la infancia, el orden o la seguridad p\u00fablica o que, a su juicio, no resultaran adecuados para su publicaci\u00f3n. En cualquier caso, TRANS JOAQUIN BUENDIA, S.L.U. no ser\u00e1 responsable de las opiniones vertidas por los usuarios a trav\u00e9s de los foros, chats, u otras herramientas de participaci\u00f3n.<\/i><\/span><\/span><\/span><\/p>\n<\/li>\n<\/ol>\n<p align=\"JUSTIFY\"><span style=\"font-family: Calibri, serif; font-size: 16px;\"><i><b>PROPIEDAD INTELECTUAL E INDUSTRIAL<\/b><\/i><\/span><\/p>\n<p align=\"JUSTIFY\"><span style=\"font-family: Calibri, serif; font-size: 16px;\"><i>TRANS JOAQUIN BUENDIA, S.L.U. ser\u00e1 titular de todos los derechos de propiedad intelectual e industrial de su p\u00e1gina web, as\u00ed como de los elementos contenidos en la misma (a t\u00edtulo enunciativo, im\u00e1genes, sonido, audio, v\u00eddeo, software o textos; marcas o logotipos, combinaciones de colores, estructura y dise\u00f1o, selecci\u00f3n de materiales usados, programas de ordenador necesarios para su funcionamiento, acceso y uso, etc.)..<\/i><\/span><\/p>\n<p align=\"JUSTIFY\"><span style=\"font-family: Calibri, serif; font-size: 16px;\"><i>Todos los derechos reservados. En virtud de lo dispuesto en los art\u00edculos 8 y 32.1, p\u00e1rrafo segundo, de la Ley de Propiedad Intelectual, quedan expresamente prohibidas la reproducci\u00f3n, la distribuci\u00f3n y la comunicaci\u00f3n p\u00fablica, incluida su modalidad de puesta a disposici\u00f3n, de la totalidad o parte de los contenidos de esta p\u00e1gina web, con fines comerciales, en cualquier soporte y por cualquier medio t\u00e9cnico, sin la autorizaci\u00f3n de TRANS JOAQUIN BUENDIA, S.L.U.. El USUARIO se compromete a respetar los derechos de Propiedad Intelectual e Industrial titularidad de TRANS JOAQUIN BUENDIA, S.L.U.. Podr\u00e1 visualizar los elementos del portal e incluso imprimirlos, copiarlos y almacenarlos en el disco duro de su ordenador o en cualquier otro soporte f\u00edsico siempre y cuando sea, \u00fanica y exclusivamente, para su uso personal y privado. El USUARIO deber\u00e1 abstenerse de suprimir, alterar, eludir o manipular cualquier dispositivo de protecci\u00f3n o sistema de seguridad que estuviera instalado en el las p\u00e1ginas de TRANS JOAQUIN BUENDIA, S.L.U..<\/i><\/span><\/p>\n<p align=\"JUSTIFY\"><span style=\"font-family: Calibri, serif; font-size: 16px;\"><i><b>EXCLUSI\u00d3N DE GARANT\u00cdAS Y RESPONSABILIDAD<\/b><\/i><\/span><\/p>\n<p align=\"JUSTIFY\"><span style=\"font-family: Calibri, serif; font-size: 16px;\"><i>TRANS JOAQUIN BUENDIA, S.L.U. no se hace responsable, en ning\u00fan caso, de los da\u00f1os y perjuicios de cualquier naturaleza que pudieran ocasionar, a t\u00edtulo enunciativo: errores u omisiones en los contenidos, falta de disponibilidad del portal o la transmisi\u00f3n de virus o programas maliciosos o lesivos en los contenidos, a pesar de haber adoptado todas las medidas tecnol\u00f3gicas necesarias para evitarlo.<\/i><\/span><\/p>\n<p align=\"JUSTIFY\"><span style=\"font-family: Calibri, serif; font-size: 16px;\"><i><b>MODIFICACIONES<\/b><\/i><\/span><\/p>\n<p align=\"JUSTIFY\"><span style=\"font-family: Calibri, serif; font-size: 16px;\"><i>TRANS JOAQUIN BUENDIA, S.L.U. se reserva el derecho de efectuar sin previo aviso las modificaciones que considere oportunas en su portal, pudiendo cambiar, suprimir o a\u00f1adir tanto los contenidos y servicios que se presten a trav\u00e9s de la misma como la forma en la que \u00e9stos aparezcan presentados o localizados en su portal.<\/i><\/span><\/p>\n<p align=\"JUSTIFY\"><span style=\"font-family: Calibri, serif; font-size: 16px;\"><i><b>ENLACES<\/b><\/i><\/span><\/p>\n<p align=\"JUSTIFY\"><span style=\"font-family: Calibri, serif; font-size: 16px;\"><i>En el caso de que en la p\u00e1gina web se dispusiesen enlaces o hiperv\u00ednculos hac\u00eda otros sitios de Internet, TRANS JOAQUIN BUENDIA, S.L.U. no ejercer\u00e1 ning\u00fan tipo de control sobre dichos sitios y contenidos. En ning\u00fan caso TRANS JOAQUIN BUENDIA, S.L.U. asumir\u00e1 responsabilidad alguna por los contenidos de alg\u00fan enlace perteneciente a un sitio web ajeno, ni garantizar\u00e1 la disponibilidad t\u00e9cnica, calidad, fiabilidad, exactitud, amplitud, veracidad, validez y constitucionalidad de cualquier material o informaci\u00f3n contenida en ninguno de dichos hiperv\u00ednculos u otros sitios de Internet.<\/i><\/span><\/p>\n<p align=\"JUSTIFY\"><span style=\"font-family: Calibri, serif; font-size: 16px;\"><i>Igualmente, la inclusi\u00f3n de estas conexiones externas no implicar\u00e1 ning\u00fan tipo de asociaci\u00f3n, fusi\u00f3n o participaci\u00f3n con las entidades conectadas.<\/i><\/span><\/p>\n<p align=\"JUSTIFY\"><span style=\"font-family: Calibri, serif; font-size: 16px;\"><i><b>DERECHO DE EXCLUSI\u00d3N<\/b><\/i><\/span><\/p>\n<p align=\"JUSTIFY\"><span style=\"font-size: 16px;\"><span style=\"font-family: Calibri, serif;\"><i>TRANS JOAQUIN BUENDIA, S.L.U.<\/i><\/span> <span style=\"font-family: Calibri, serif;\"><i>se reserva el derecho a denegar o retirar el acceso a portal y\/o los servicios ofrecidos sin necesidad de preaviso, a instancia propia o de un tercero, a aquellos usuarios que incumplan las presentes Condiciones Generales de Uso.<\/i><\/span><\/span><\/p>\n<p align=\"JUSTIFY\"><span style=\"font-family: Calibri, serif; font-size: 16px;\"><i><b>GENERALIDADES<\/b><\/i><\/span><\/p>\n<p align=\"JUSTIFY\"><span style=\"font-family: Calibri, serif; font-size: 16px;\"><i>TRANS JOAQUIN BUENDIA, S.L.U. perseguir\u00e1 el incumplimiento de las presentes condiciones, as\u00ed como cualquier utilizaci\u00f3n indebida de su portal ejerciendo todas las acciones civiles y penales que le puedan corresponder en derecho.<\/i><\/span><\/p>\n<p align=\"JUSTIFY\"><span style=\"font-family: Calibri, serif; font-size: 16px;\"><i><b>MODIFICACI\u00d3N DE LAS PRESENTES CONDICIONES Y DURACI\u00d3N<\/b><\/i><\/span><\/p>\n<p align=\"JUSTIFY\"><span style=\"font-size: 16px;\"><span style=\"font-family: Calibri, serif;\"><i>TRANS JOAQUIN BUENDIA, S.L.U.<\/i><\/span> <span style=\"font-family: Calibri, serif;\"><i>podr\u00e1 modificar en cualquier momento las condiciones aqu\u00ed determinadas, siendo debidamente publicadas como aqu\u00ed aparecen.<\/i><\/span><\/span><\/p>\n<p align=\"JUSTIFY\"><span style=\"font-family: Calibri, serif; font-size: 16px;\"><i>La vigencia de las citadas condiciones ir\u00e1 en funci\u00f3n de su exposici\u00f3n y estar\u00e1n vigentes hasta que sean modificadas por otras debidamente publicadas.<\/i><\/span><\/p>\n<p align=\"JUSTIFY\"><span style=\"font-family: Calibri, serif; font-size: 16px;\"><i><b>LEGISLACI\u00d3N APLICABLE Y JURISDICCI\u00d3N<\/b><\/i><\/span><\/p>\n<p align=\"JUSTIFY\"><span style=\"font-family: Calibri, serif; font-size: 16px;\"><i>La relaci\u00f3n entre TRANS JOAQUIN BUENDIA, S.L.U. y el USUARIO se regir\u00e1 por la normativa espa\u00f1ola vigente y cualquier controversia se someter\u00e1 a los Juzgados y tribunales de la ciudad anteriormente indicada.<\/i><\/span><\/p>\n<p>&nbsp;<\/p>\n","protected":false},"excerpt":{"rendered":"<p>&nbsp; POL\u00cdTICA DE PRIVACIDAD Y AVISO LEGAL WEB PROTECCI\u00d3N DE DATOS TRANS JOAQUIN BUENDIA, S.L.U.. La empresa garantiza a los usuarios de la p\u00e1gina web que cumple con el Reglamento General de Protecci\u00f3n de Datos (UE) 2016\/679, y que ha establecido las medidas de seguridad exigidas por las leyes y reglamentos destinados a preservar el secreto, confidencialidad e integridad en el tratamiento de sus datos personales. Dichos datos personales ser\u00e1n utilizados en la forma y con las limitaciones y derechos que concede la protecci\u00f3n de datos de car\u00e1cter personal. La recogida y tratamiento de los datos personales solicitados tiene como [&hellip;]<\/p>\n","protected":false},"author":1,"featured_media":0,"parent":0,"menu_order":0,"comment_status":"closed","ping_status":"closed","template":"page-templates\/frontpage-full-width.php","meta":[],"yoast_head":"<!-- This site is optimized with the Yoast SEO plugin v14.7 - https:\/\/yoast.com\/wordpress\/plugins\/seo\/ -->\n<title>POLITICA DE PRIVACIDAD - Blog de Transporte Mercancias-Transportes Joaquin Buendia-Transporte y Logistica<\/title>\n<meta name=\"description\" content=\"Transporte de mercancia, logistica y carga en toda espa\u00f1a. rutas madrid valencia. levante madrid.\" \/>\n<meta name=\"robots\" content=\"index, follow\" \/>\n<meta name=\"googlebot\" content=\"index, follow, max-snippet:-1, max-image-preview:large, max-video-preview:-1\" \/>\n<meta name=\"bingbot\" content=\"index, follow, max-snippet:-1, max-image-preview:large, max-video-preview:-1\" \/>\n<link rel=\"canonical\" href=\"https:\/\/transjbuendia.com\/blog\/politica-de-privacidad\/\" \/>\n<meta property=\"og:locale\" content=\"es_ES\" \/>\n<meta property=\"og:type\" content=\"article\" \/>\n<meta property=\"og:title\" content=\"POLITICA DE PRIVACIDAD - Blog de Transporte Mercancias-Transportes Joaquin Buendia-Transporte y Logistica\" \/>\n<meta property=\"og:description\" content=\"Transporte de mercancia, logistica y carga en toda espa\u00f1a. rutas madrid valencia. levante madrid.\" \/>\n<meta property=\"og:url\" content=\"https:\/\/transjbuendia.com\/blog\/politica-de-privacidad\/\" \/>\n<meta property=\"og:site_name\" content=\"Blog de Transporte Mercancias-Transportes Joaquin Buendia-Transporte y Logistica\" \/>\n<meta property=\"article:publisher\" content=\"https:\/\/www.facebook.com\/Transportes-Joaquin-Buendia-829489800539210\/\" \/>\n<meta property=\"article:author\" content=\"https:\/\/www.facebook.com\/Transportes-Joaquin-Buendia-829489800539210\/\" \/>\n<meta property=\"article:modified_time\" content=\"2019-05-10T13:27:36+00:00\" \/>\n<meta name=\"twitter:card\" content=\"summary\" \/>\n<meta name=\"twitter:creator\" content=\"@TransJBuendia\" \/>\n<meta name=\"twitter:site\" content=\"@TransJBuendia\" \/>\n<script type=\"application\/ld+json\" class=\"yoast-schema-graph\">{\"@context\":\"https:\/\/schema.org\",\"@graph\":[{\"@type\":\"WebSite\",\"@id\":\"https:\/\/transjbuendia.com\/blog\/#website\",\"url\":\"https:\/\/transjbuendia.com\/blog\/\",\"name\":\"Blog de Transporte Mercancias-Transportes Joaquin Buendia-Transporte y Logistica\",\"description\":\"carga, logistica y transporte de mercancias. Ruta Madrid Valencia.\",\"potentialAction\":[{\"@type\":\"SearchAction\",\"target\":\"https:\/\/transjbuendia.com\/blog\/?s={search_term_string}\",\"query-input\":\"required name=search_term_string\"}],\"inLanguage\":\"es\"},{\"@type\":\"WebPage\",\"@id\":\"https:\/\/transjbuendia.com\/blog\/politica-de-privacidad\/#webpage\",\"url\":\"https:\/\/transjbuendia.com\/blog\/politica-de-privacidad\/\",\"name\":\"POLITICA DE PRIVACIDAD - Blog de Transporte Mercancias-Transportes Joaquin Buendia-Transporte y Logistica\",\"isPartOf\":{\"@id\":\"https:\/\/transjbuendia.com\/blog\/#website\"},\"datePublished\":\"2017-05-10T11:50:21+00:00\",\"dateModified\":\"2019-05-10T13:27:36+00:00\",\"description\":\"Transporte de mercancia, logistica y carga en toda espa\\u00f1a. rutas madrid valencia. levante madrid.\",\"inLanguage\":\"es\",\"potentialAction\":[{\"@type\":\"ReadAction\",\"target\":[\"https:\/\/transjbuendia.com\/blog\/politica-de-privacidad\/\"]}]}]}<\/script>\n<!-- \/ Yoast SEO plugin. -->","_links":{"self":[{"href":"https:\/\/transjbuendia.com\/blog\/wp-json\/wp\/v2\/pages\/168"}],"collection":[{"href":"https:\/\/transjbuendia.com\/blog\/wp-json\/wp\/v2\/pages"}],"about":[{"href":"https:\/\/transjbuendia.com\/blog\/wp-json\/wp\/v2\/types\/page"}],"author":[{"embeddable":true,"href":"https:\/\/transjbuendia.com\/blog\/wp-json\/wp\/v2\/users\/1"}],"replies":[{"embeddable":true,"href":"https:\/\/transjbuendia.com\/blog\/wp-json\/wp\/v2\/comments?post=168"}],"version-history":[{"count":3,"href":"https:\/\/transjbuendia.com\/blog\/wp-json\/wp\/v2\/pages\/168\/revisions"}],"predecessor-version":[{"id":859,"href":"https:\/\/transjbuendia.com\/blog\/wp-json\/wp\/v2\/pages\/168\/revisions\/859"}],"wp:attachment":[{"href":"https:\/\/transjbuendia.com\/blog\/wp-json\/wp\/v2\/media?parent=168"}],"curies":[{"name":"wp","href":"https:\/\/api.w.org\/{rel}","templated":true}]}}