{"id":122,"date":"2017-05-10T06:43:33","date_gmt":"2017-05-10T06:43:33","guid":{"rendered":"http:\/\/www.transjbuendia.com\/blog\/?page_id=122"},"modified":"2020-06-23T10:44:55","modified_gmt":"2020-06-23T10:44:55","slug":"transporte-mercancias-paletizadas","status":"publish","type":"page","link":"https:\/\/transjbuendia.com\/blog\/transporte-mercancias-paletizadas\/","title":{"rendered":"TRANSPORTE DE MERCANCIAS PALETIZADAS"},"content":{"rendered":"<p>&nbsp;<\/p>\n<p><img loading=\"lazy\" class=\"alignnone wp-image-921\" src=\"https:\/\/transjbuendia.com\/blog\/wp-content\/uploads\/2017\/05\/CARGAS-PALETIZADAS.jpeg\" alt=\"\" width=\"1029\" height=\"874\" srcset=\"https:\/\/transjbuendia.com\/blog\/wp-content\/uploads\/2017\/05\/CARGAS-PALETIZADAS.jpeg 1412w, https:\/\/transjbuendia.com\/blog\/wp-content\/uploads\/2017\/05\/CARGAS-PALETIZADAS-300x255.jpeg 300w, https:\/\/transjbuendia.com\/blog\/wp-content\/uploads\/2017\/05\/CARGAS-PALETIZADAS-768x652.jpeg 768w, https:\/\/transjbuendia.com\/blog\/wp-content\/uploads\/2017\/05\/CARGAS-PALETIZADAS-1024x870.jpeg 1024w\" sizes=\"(max-width: 1029px) 100vw, 1029px\" \/><\/p>\n<p>&nbsp;<\/p>\n<p><span style=\"font-size: 14px;\"><span style=\"font-family: 'Ubuntu',sans-serif; color: #1f1f1f;\">Decidirse por el transporte de mercanc\u00edas papeletizadas con nuestra empresa, esta lleno de ventajas y no hablamos \u00fanicamente de las que tiene esta forma de envi\u00f3.<\/span><\/span><\/p>\n<p><span style=\"font-family: 'Ubuntu',sans-serif; font-size: 14px; color: #1f1f1f;\">Realmente, al paletizar las cargas el trabajo se moderniza y es mucho mas sencillo y eficaz.<\/span><\/p>\n<p><span style=\"font-family: 'Ubuntu',sans-serif; font-size: 14px; color: #1f1f1f;\">Se ahorran enormes costes en espacio, tanto en carga como en almac\u00e9n y en manipulaci\u00f3n.<\/span><\/p>\n<p><span style=\"font-family: 'Ubuntu',sans-serif; font-size: 14px; color: #1f1f1f;\">Y aumenta notoriamente la seguridad de los env\u00edos.<\/span><\/p>\n<p><span style=\"color: #1f1f1f; font-family: 'Ubuntu',sans-serif; font-size: 14px;\">Cada vez, mas empresas optan por paletizar sus mercanc\u00edas y ganan notablemente en muchos aspectos.<\/span><\/p>\n<p><span style=\"color: #1f1f1f; font-family: 'Ubuntu',sans-serif; font-size: 14px;\">Incluso en que la mercanc\u00eda sufre menos da\u00f1os y deterioros durante los env\u00edos, y por lo tanto hay menos perdidas.<\/span><\/p>\n<p><span style=\"font-family: 'Ubuntu',sans-serif; font-size: 14px; color: #1f1f1f;\">Nosotros, como empresa especializada en env\u00edos de transporte de mercanc\u00edas papeletizadas, ofrecemos ademas un plus.<\/span><\/p>\n<p><span style=\"font-family: 'Ubuntu',sans-serif; font-size: 14px; color: #1f1f1f;\">Que es, el contar con una moderna y amplia flota de veh\u00edculos abatibles para facilitar la carga y descarga.<\/span><\/p>\n<p><span style=\"font-family: 'Ubuntu',sans-serif; font-size: 14px; color: #1f1f1f;\">Y con una base log\u00edstica propia para el almacenaje de las mercanc\u00edas.<\/span><\/p>\n<p><span style=\"color: #1f1f1f; font-family: 'Ubuntu',sans-serif; font-size: 14px;\">As\u00ed se puede optar por contratar estos especiales servicios que ofrecemos para ahorrar en costes y tener una respuesta inmediata a sus necesidades.<\/span><\/p>\n<p><span style=\"color: #1f1f1f; font-family: 'Ubuntu',sans-serif; font-size: 14px;\">Algo que ya est\u00e1n haciendo la mayor\u00eda de nuestros clientes que optan por contratarnos este servicio.<\/span><\/p>\n<p><span style=\"font-family: 'Ubuntu',sans-serif; font-size: 14px; color: #1f1f1f;\">Ll\u00e1menos\u00a0 al <big> <i class=\"fa fa-phone\"><span style=\"color: #005ec7;\"><strong> <a style=\"color: #005ec7;\" href=\"tel:961514924\"> TEL: 96 151 49 24<\/a><\/strong><\/span>\u00a0 <\/i><\/big>y le informaremos de las condiciones y precios de los env\u00edos paletizados y almacenaje.<\/span><\/p>\n<p><span style=\"border-radius: 2px; text-indent: 20px; width: auto; padding: 0px 4px 0px 0px; text-align: center; font: bold 11px\/20px 'Helvetica Neue',Helvetica,sans-serif; color: #ffffff; background: #bd081c no-repeat scroll 3px 50% \/ 14px 14px; position: absolute; opacity: 1; z-index: 8675309; display: none; cursor: pointer;\">Guardar<\/span><\/p>\n","protected":false},"excerpt":{"rendered":"<p>&nbsp; &nbsp; Decidirse por el transporte de mercanc\u00edas papeletizadas con nuestra empresa, esta lleno de ventajas y no hablamos \u00fanicamente de las que tiene esta forma de envi\u00f3. Realmente, al paletizar las cargas el trabajo se moderniza y es mucho mas sencillo y eficaz. Se ahorran enormes costes en espacio, tanto en carga como en almac\u00e9n y en manipulaci\u00f3n. Y aumenta notoriamente la seguridad de los env\u00edos. Cada vez, mas empresas optan por paletizar sus mercanc\u00edas y ganan notablemente en muchos aspectos. Incluso en que la mercanc\u00eda sufre menos da\u00f1os y deterioros durante los env\u00edos, y por lo tanto hay [&hellip;]<\/p>\n","protected":false},"author":1,"featured_media":0,"parent":0,"menu_order":0,"comment_status":"closed","ping_status":"closed","template":"page-templates\/frontpage-full-width.php","meta":[],"yoast_head":"<!-- This site is optimized with the Yoast SEO plugin v14.7 - https:\/\/yoast.com\/wordpress\/plugins\/seo\/ -->\n<title>TRANSPORTE DE MERCANCIAS PALETIZADAS - Blog de Transporte Mercancias-Transportes Joaquin Buendia-Transporte y Logistica<\/title>\n<meta name=\"description\" content=\"Transporte de mercancia, logistica y carga en toda espa\u00f1a. rutas madrid valencia. levante madrid.\" \/>\n<meta name=\"robots\" content=\"index, follow\" \/>\n<meta name=\"googlebot\" content=\"index, follow, max-snippet:-1, max-image-preview:large, max-video-preview:-1\" \/>\n<meta name=\"bingbot\" content=\"index, follow, max-snippet:-1, max-image-preview:large, max-video-preview:-1\" \/>\n<link rel=\"canonical\" href=\"https:\/\/transjbuendia.com\/blog\/transporte-mercancias-paletizadas\/\" \/>\n<meta property=\"og:locale\" content=\"es_ES\" \/>\n<meta property=\"og:type\" content=\"article\" \/>\n<meta property=\"og:title\" content=\"TRANSPORTE DE MERCANCIAS PALETIZADAS - Blog de Transporte Mercancias-Transportes Joaquin Buendia-Transporte y Logistica\" \/>\n<meta property=\"og:description\" content=\"Transporte de mercancia, logistica y carga en toda espa\u00f1a. rutas madrid valencia. levante madrid.\" \/>\n<meta property=\"og:url\" content=\"https:\/\/transjbuendia.com\/blog\/transporte-mercancias-paletizadas\/\" \/>\n<meta property=\"og:site_name\" content=\"Blog de Transporte Mercancias-Transportes Joaquin Buendia-Transporte y Logistica\" \/>\n<meta property=\"article:publisher\" content=\"https:\/\/www.facebook.com\/Transportes-Joaquin-Buendia-829489800539210\/\" \/>\n<meta property=\"article:author\" content=\"https:\/\/www.facebook.com\/Transportes-Joaquin-Buendia-829489800539210\/\" \/>\n<meta property=\"article:modified_time\" content=\"2020-06-23T10:44:55+00:00\" \/>\n<meta property=\"og:image\" content=\"https:\/\/transjbuendia.com\/blog\/wp-content\/uploads\/2017\/05\/CARGAS-PALETIZADAS.jpeg\" \/>\n<meta name=\"twitter:card\" content=\"summary\" \/>\n<meta name=\"twitter:creator\" content=\"@TransJBuendia\" \/>\n<meta name=\"twitter:site\" content=\"@TransJBuendia\" \/>\n<script type=\"application\/ld+json\" class=\"yoast-schema-graph\">{\"@context\":\"https:\/\/schema.org\",\"@graph\":[{\"@type\":\"WebSite\",\"@id\":\"https:\/\/transjbuendia.com\/blog\/#website\",\"url\":\"https:\/\/transjbuendia.com\/blog\/\",\"name\":\"Blog de Transporte Mercancias-Transportes Joaquin Buendia-Transporte y Logistica\",\"description\":\"carga, logistica y transporte de mercancias. Ruta Madrid Valencia.\",\"potentialAction\":[{\"@type\":\"SearchAction\",\"target\":\"https:\/\/transjbuendia.com\/blog\/?s={search_term_string}\",\"query-input\":\"required name=search_term_string\"}],\"inLanguage\":\"es\"},{\"@type\":\"ImageObject\",\"@id\":\"https:\/\/transjbuendia.com\/blog\/transporte-mercancias-paletizadas\/#primaryimage\",\"inLanguage\":\"es\",\"url\":\"https:\/\/transjbuendia.com\/blog\/wp-content\/uploads\/2017\/05\/CARGAS-PALETIZADAS.jpeg\",\"width\":1412,\"height\":1199},{\"@type\":\"WebPage\",\"@id\":\"https:\/\/transjbuendia.com\/blog\/transporte-mercancias-paletizadas\/#webpage\",\"url\":\"https:\/\/transjbuendia.com\/blog\/transporte-mercancias-paletizadas\/\",\"name\":\"TRANSPORTE DE MERCANCIAS PALETIZADAS - Blog de Transporte Mercancias-Transportes Joaquin Buendia-Transporte y Logistica\",\"isPartOf\":{\"@id\":\"https:\/\/transjbuendia.com\/blog\/#website\"},\"primaryImageOfPage\":{\"@id\":\"https:\/\/transjbuendia.com\/blog\/transporte-mercancias-paletizadas\/#primaryimage\"},\"datePublished\":\"2017-05-10T06:43:33+00:00\",\"dateModified\":\"2020-06-23T10:44:55+00:00\",\"description\":\"Transporte de mercancia, logistica y carga en toda espa\\u00f1a. rutas madrid valencia. levante madrid.\",\"inLanguage\":\"es\",\"potentialAction\":[{\"@type\":\"ReadAction\",\"target\":[\"https:\/\/transjbuendia.com\/blog\/transporte-mercancias-paletizadas\/\"]}]}]}<\/script>\n<!-- \/ Yoast SEO plugin. -->","_links":{"self":[{"href":"https:\/\/transjbuendia.com\/blog\/wp-json\/wp\/v2\/pages\/122"}],"collection":[{"href":"https:\/\/transjbuendia.com\/blog\/wp-json\/wp\/v2\/pages"}],"about":[{"href":"https:\/\/transjbuendia.com\/blog\/wp-json\/wp\/v2\/types\/page"}],"author":[{"embeddable":true,"href":"https:\/\/transjbuendia.com\/blog\/wp-json\/wp\/v2\/users\/1"}],"replies":[{"embeddable":true,"href":"https:\/\/transjbuendia.com\/blog\/wp-json\/wp\/v2\/comments?post=122"}],"version-history":[{"count":3,"href":"https:\/\/transjbuendia.com\/blog\/wp-json\/wp\/v2\/pages\/122\/revisions"}],"predecessor-version":[{"id":923,"href":"https:\/\/transjbuendia.com\/blog\/wp-json\/wp\/v2\/pages\/122\/revisions\/923"}],"wp:attachment":[{"href":"https:\/\/transjbuendia.com\/blog\/wp-json\/wp\/v2\/media?parent=122"}],"curies":[{"name":"wp","href":"https:\/\/api.w.org\/{rel}","templated":true}]}}