{"id":112,"date":"2017-05-10T06:37:39","date_gmt":"2017-05-10T06:37:39","guid":{"rendered":"http:\/\/www.transjbuendia.com\/blog\/?page_id=112"},"modified":"2020-06-23T10:30:53","modified_gmt":"2020-06-23T10:30:53","slug":"carga","status":"publish","type":"page","link":"https:\/\/transjbuendia.com\/blog\/carga\/","title":{"rendered":"CARGAS"},"content":{"rendered":"<p style=\"text-align: justify;\">\n<p style=\"text-align: justify;\">\u00a0<img loading=\"lazy\" class=\"alignnone  wp-image-916\" src=\"https:\/\/transjbuendia.com\/blog\/wp-content\/uploads\/2017\/05\/CARGA-CIUDAD-DE-LAS-ARTES.jpeg\" alt=\"\" width=\"857\" height=\"1106\" srcset=\"https:\/\/transjbuendia.com\/blog\/wp-content\/uploads\/2017\/05\/CARGA-CIUDAD-DE-LAS-ARTES.jpeg 893w, https:\/\/transjbuendia.com\/blog\/wp-content\/uploads\/2017\/05\/CARGA-CIUDAD-DE-LAS-ARTES-233x300.jpeg 233w, https:\/\/transjbuendia.com\/blog\/wp-content\/uploads\/2017\/05\/CARGA-CIUDAD-DE-LAS-ARTES-768x991.jpeg 768w, https:\/\/transjbuendia.com\/blog\/wp-content\/uploads\/2017\/05\/CARGA-CIUDAD-DE-LAS-ARTES-794x1024.jpeg 794w\" sizes=\"(max-width: 857px) 100vw, 857px\" \/><\/p>\n<p style=\"text-align: justify;\">\n<p style=\"text-align: justify;\"><span style=\"font-family: 'Ubuntu',sans-serif; font-size: 14px; color: #1f1f1f;\">En los camiones y transporte de carga, avanzamos hacia el futuro irremediablemente y con la implantaci\u00f3n de la tecnolog\u00eda, cada vez esto va mas r\u00e1pido.<\/span><\/p>\n<p style=\"text-align: justify;\"><span class=\"moto-color2_3\" style=\"font-size: 14px; font-family: 'Ubuntu',sans-serif; color: #1f1f1f;\">El mundo est\u00e1 cambiando a nuestro alrededor a cada segundo.<\/span><\/p>\n<p style=\"text-align: justify;\"><span style=\"font-size: 14px; font-family: 'Ubuntu',sans-serif; color: #1f1f1f;\">Y lo hace de manera mas r\u00e1pida que en los \u00faltimos 200 a\u00f1os.<\/span><\/p>\n<p style=\"text-align: justify;\"><span style=\"font-family: 'Ubuntu',sans-serif; color: #1f1f1f; font-size: 14px;\">Desde la lejana ya revoluci\u00f3n industrial, el mundo ha pegado un cambio radical en los \u00faltimos 10, 20 a\u00f1os.<\/span><\/p>\n<p style=\"text-align: justify;\"><span style=\"font-family: 'Ubuntu',sans-serif; color: #1f1f1f; font-size: 14px;\">Y asistiremos a un nuevo cambio sin precedentes, en muy poco tiempo.<\/span><\/p>\n<p style=\"text-align: justify;\"><span class=\"moto-color2_3\" style=\"font-size: 14px; font-family: 'Ubuntu',sans-serif; color: #1f1f1f;\">Para continuar prosperando como un negocio en los pr\u00f3ximos diez a\u00f1os y m\u00e1s all\u00e1, debemos mirar hacia adelante.<\/span><\/p>\n<p style=\"text-align: justify;\"><span class=\"moto-color2_3\" style=\"font-size: 14px; color: #1f1f1f;\"><span style=\"font-family: 'Ubuntu',sans-serif;\">Comenzar a entender las tendencias y fuerzas que moldear\u00e1n nuestro negocio en el futuro y se mover\u00e1 r\u00e1pidamente para prepararse para lo que est\u00e1 por venir.<\/span><\/span><\/p>\n<p style=\"text-align: justify;\"><span class=\"moto-color2_3\" style=\"font-size: 14px; font-family: 'Ubuntu',sans-serif; color: #1f1f1f;\">Debemos prepararnos para ma\u00f1ana hoy. De eso se trata nuestra visi\u00f3n futura.<\/span><\/p>\n<p style=\"text-align: justify;\"><span class=\"moto-color2_3\" style=\"font-size: 14px; font-family: 'Ubuntu',sans-serif; color: #1f1f1f;\">Tratamos de crear un destino a largo plazo para nuestro negocio que nos proporcione una \u00abHoja de ruta\u00bb para ganar junto con nuestros clientes y socios.<\/span><\/p>\n<p style=\"text-align: justify;\"><span style=\"font-size: 14px; font-family: 'Ubuntu',sans-serif; color: #1f1f1f;\">Por eso, estamos llevando a cabo una amplia modernizaci\u00f3n de nuestros sistemas y de nuestra empresa.<\/span><\/p>\n<p style=\"text-align: justify;\"><span style=\"font-size: 14px; font-family: 'Ubuntu',sans-serif; color: #1f1f1f;\">Con el fin de poder dar un servicio cada vez mejor y mas eficaz.<\/span><\/p>\n<p style=\"text-align: justify;\"><span style=\"font-size: 14px; font-family: 'Ubuntu',sans-serif; color: #1f1f1f;\">Y aunar en el el servicio, la tecnolog\u00eda y la implantaci\u00f3n de m\u00e9todos modernos de comunicaci\u00f3n que funcionen en ambas direcciones.<\/span><\/p>\n<p style=\"text-align: justify;\"><span style=\"font-size: 14px; color: #1f1f1f; font-family: 'Ubuntu',sans-serif;\">\u00bfEs usted empresa de transporte o aut\u00f3nomo y aun no ha trabajado con nosotros?<\/span><\/p>\n<p style=\"text-align: justify;\"><span style=\"font-size: 14px; color: #1f1f1f; font-family: 'Ubuntu',sans-serif;\">Ll\u00e1menos al<strong> <big> <i class=\"fa fa-phone\"><span style=\"color: #005ec7;\"> <a style=\"color: #005ec7;\" href=\"tel:961514924\"> TEL: 96 151 49 24<\/a><\/span>\u00a0 <\/i><\/big><\/strong>y le informaremos sin compromiso de las condiciones y precios de envi\u00f3.<\/span><\/p>\n<p><span style=\"border-radius: 2px; text-indent: 20px; width: auto; padding: 0px 4px 0px 0px; text-align: center; font: bold 11px\/20px 'Helvetica Neue',Helvetica,sans-serif; color: #ffffff; background: #bd081c no-repeat scroll 3px 50% \/ 14px 14px; position: absolute; opacity: 1; z-index: 8675309; display: none; cursor: pointer;\">Guardar<\/span><\/p>\n<p><span style=\"border-radius: 2px; text-indent: 20px; width: auto; padding: 0px 4px 0px 0px; text-align: center; font: bold 11px\/20px 'Helvetica Neue',Helvetica,sans-serif; color: #ffffff; background: #bd081c no-repeat scroll 3px 50% \/ 14px 14px; position: absolute; opacity: 1; z-index: 8675309; display: none; cursor: pointer;\">Guardar<\/span><\/p>\n","protected":false},"excerpt":{"rendered":"<p>\u00a0 En los camiones y transporte de carga, avanzamos hacia el futuro irremediablemente y con la implantaci\u00f3n de la tecnolog\u00eda, cada vez esto va mas r\u00e1pido. El mundo est\u00e1 cambiando a nuestro alrededor a cada segundo. Y lo hace de manera mas r\u00e1pida que en los \u00faltimos 200 a\u00f1os. Desde la lejana ya revoluci\u00f3n industrial, el mundo ha pegado un cambio radical en los \u00faltimos 10, 20 a\u00f1os. Y asistiremos a un nuevo cambio sin precedentes, en muy poco tiempo. Para continuar prosperando como un negocio en los pr\u00f3ximos diez a\u00f1os y m\u00e1s all\u00e1, debemos mirar hacia adelante. Comenzar a [&hellip;]<\/p>\n","protected":false},"author":1,"featured_media":0,"parent":0,"menu_order":0,"comment_status":"closed","ping_status":"closed","template":"page-templates\/frontpage-full-width.php","meta":[],"yoast_head":"<!-- This site is optimized with the Yoast SEO plugin v14.7 - https:\/\/yoast.com\/wordpress\/plugins\/seo\/ -->\n<title>CARGAS - Blog de Transporte Mercancias-Transportes Joaquin Buendia-Transporte y Logistica<\/title>\n<meta name=\"description\" content=\"Transporte de mercancia, logistica y carga en toda espa\u00f1a. rutas madrid valencia. levante madrid.\" \/>\n<meta name=\"robots\" content=\"index, follow\" \/>\n<meta name=\"googlebot\" content=\"index, follow, max-snippet:-1, max-image-preview:large, max-video-preview:-1\" \/>\n<meta name=\"bingbot\" content=\"index, follow, max-snippet:-1, max-image-preview:large, max-video-preview:-1\" \/>\n<link rel=\"canonical\" href=\"https:\/\/transjbuendia.com\/blog\/carga\/\" \/>\n<meta property=\"og:locale\" content=\"es_ES\" \/>\n<meta property=\"og:type\" content=\"article\" \/>\n<meta property=\"og:title\" content=\"CARGAS - Blog de Transporte Mercancias-Transportes Joaquin Buendia-Transporte y Logistica\" \/>\n<meta property=\"og:description\" content=\"Transporte de mercancia, logistica y carga en toda espa\u00f1a. rutas madrid valencia. levante madrid.\" \/>\n<meta property=\"og:url\" content=\"https:\/\/transjbuendia.com\/blog\/carga\/\" \/>\n<meta property=\"og:site_name\" content=\"Blog de Transporte Mercancias-Transportes Joaquin Buendia-Transporte y Logistica\" \/>\n<meta property=\"article:publisher\" content=\"https:\/\/www.facebook.com\/Transportes-Joaquin-Buendia-829489800539210\/\" \/>\n<meta property=\"article:author\" content=\"https:\/\/www.facebook.com\/Transportes-Joaquin-Buendia-829489800539210\/\" \/>\n<meta property=\"article:modified_time\" content=\"2020-06-23T10:30:53+00:00\" \/>\n<meta property=\"og:image\" content=\"https:\/\/transjbuendia.com\/blog\/wp-content\/uploads\/2017\/05\/CARGA-CIUDAD-DE-LAS-ARTES.jpeg\" \/>\n<meta name=\"twitter:card\" content=\"summary\" \/>\n<meta name=\"twitter:creator\" content=\"@TransJBuendia\" \/>\n<meta name=\"twitter:site\" content=\"@TransJBuendia\" \/>\n<script type=\"application\/ld+json\" class=\"yoast-schema-graph\">{\"@context\":\"https:\/\/schema.org\",\"@graph\":[{\"@type\":\"WebSite\",\"@id\":\"https:\/\/transjbuendia.com\/blog\/#website\",\"url\":\"https:\/\/transjbuendia.com\/blog\/\",\"name\":\"Blog de Transporte Mercancias-Transportes Joaquin Buendia-Transporte y Logistica\",\"description\":\"carga, logistica y transporte de mercancias. Ruta Madrid Valencia.\",\"potentialAction\":[{\"@type\":\"SearchAction\",\"target\":\"https:\/\/transjbuendia.com\/blog\/?s={search_term_string}\",\"query-input\":\"required name=search_term_string\"}],\"inLanguage\":\"es\"},{\"@type\":\"ImageObject\",\"@id\":\"https:\/\/transjbuendia.com\/blog\/carga\/#primaryimage\",\"inLanguage\":\"es\",\"url\":\"https:\/\/transjbuendia.com\/blog\/wp-content\/uploads\/2017\/05\/CARGA-CIUDAD-DE-LAS-ARTES.jpeg\",\"width\":893,\"height\":1152},{\"@type\":\"WebPage\",\"@id\":\"https:\/\/transjbuendia.com\/blog\/carga\/#webpage\",\"url\":\"https:\/\/transjbuendia.com\/blog\/carga\/\",\"name\":\"CARGAS - Blog de Transporte Mercancias-Transportes Joaquin Buendia-Transporte y Logistica\",\"isPartOf\":{\"@id\":\"https:\/\/transjbuendia.com\/blog\/#website\"},\"primaryImageOfPage\":{\"@id\":\"https:\/\/transjbuendia.com\/blog\/carga\/#primaryimage\"},\"datePublished\":\"2017-05-10T06:37:39+00:00\",\"dateModified\":\"2020-06-23T10:30:53+00:00\",\"description\":\"Transporte de mercancia, logistica y carga en toda espa\\u00f1a. rutas madrid valencia. levante madrid.\",\"inLanguage\":\"es\",\"potentialAction\":[{\"@type\":\"ReadAction\",\"target\":[\"https:\/\/transjbuendia.com\/blog\/carga\/\"]}]}]}<\/script>\n<!-- \/ Yoast SEO plugin. -->","_links":{"self":[{"href":"https:\/\/transjbuendia.com\/blog\/wp-json\/wp\/v2\/pages\/112"}],"collection":[{"href":"https:\/\/transjbuendia.com\/blog\/wp-json\/wp\/v2\/pages"}],"about":[{"href":"https:\/\/transjbuendia.com\/blog\/wp-json\/wp\/v2\/types\/page"}],"author":[{"embeddable":true,"href":"https:\/\/transjbuendia.com\/blog\/wp-json\/wp\/v2\/users\/1"}],"replies":[{"embeddable":true,"href":"https:\/\/transjbuendia.com\/blog\/wp-json\/wp\/v2\/comments?post=112"}],"version-history":[{"count":3,"href":"https:\/\/transjbuendia.com\/blog\/wp-json\/wp\/v2\/pages\/112\/revisions"}],"predecessor-version":[{"id":917,"href":"https:\/\/transjbuendia.com\/blog\/wp-json\/wp\/v2\/pages\/112\/revisions\/917"}],"wp:attachment":[{"href":"https:\/\/transjbuendia.com\/blog\/wp-json\/wp\/v2\/media?parent=112"}],"curies":[{"name":"wp","href":"https:\/\/api.w.org\/{rel}","templated":true}]}}