{"id":110,"date":"2017-05-10T06:37:29","date_gmt":"2017-05-10T06:37:29","guid":{"rendered":"http:\/\/www.transjbuendia.com\/blog\/?page_id=110"},"modified":"2020-06-23T10:26:37","modified_gmt":"2020-06-23T10:26:37","slug":"almacen-y-logistica","status":"publish","type":"page","link":"https:\/\/transjbuendia.com\/blog\/almacen-y-logistica\/","title":{"rendered":"ALMACEN Y LOGISTICA"},"content":{"rendered":"<p>&nbsp;<\/p>\n<p><img loading=\"lazy\" class=\"alignnone size-full wp-image-881\" src=\"https:\/\/transjbuendia.com\/blog\/wp-content\/uploads\/2017\/05\/CAMION-4-EDIT.jpeg\" alt=\"\" width=\"755\" height=\"731\" srcset=\"https:\/\/transjbuendia.com\/blog\/wp-content\/uploads\/2017\/05\/CAMION-4-EDIT.jpeg 755w, https:\/\/transjbuendia.com\/blog\/wp-content\/uploads\/2017\/05\/CAMION-4-EDIT-300x290.jpeg 300w\" sizes=\"(max-width: 755px) 100vw, 755px\" \/><\/p>\n<p>&nbsp;<\/p>\n<p>&nbsp;<\/p>\n<p>&nbsp;<\/p>\n<p>&nbsp;<\/p>\n<p style=\"text-align: left;\"><span style=\"color: #1f1f1f; font-family: 'Ubuntu',sans-serif; font-size: 14px;\">Nuestro almac\u00e9n y log\u00edstica en transporte de mercanc\u00edas, esta totalmente a disposici\u00f3n de nuestros clientes y ofrece m\u00faltiples beneficios a sus empresas.<\/span><\/p>\n<p style=\"text-align: left;\"><span style=\"font-family: 'Ubuntu',sans-serif; font-size: 14px; color: #1f1f1f;\">Se trata de una nave industrial de 1.500 metros cuadrados de superficie y 10 metros de altura.<\/span><\/p>\n<p style=\"text-align: left;\"><span style=\"font-family: 'Ubuntu',sans-serif; font-size: 14px; color: #1f1f1f;\">Unas instalaciones nuevas, modernas, totalmente equipadas y funcionales, a su servicio.<br \/>\n<\/span><\/p>\n<p style=\"text-align: left;\"><span style=\"color: #1f1f1f; font-family: 'Ubuntu',sans-serif; font-size: 14px;\">Todas las mercanc\u00edas est\u00e1n controladas y aseguradas, por lo que es totalmente seguro usar nuestro servicio de almac\u00e9n log\u00edstico.<\/span><\/p>\n<p style=\"text-align: left;\"><span style=\"font-family: 'Ubuntu',sans-serif; font-size: 14px; color: #1f1f1f;\">Ademas, disponemos de alarmas y c\u00e1maras de seguridad que monitor izan constantemente cada movimiento para una mayor seguridad de las mercanc\u00edas. <\/span><\/p>\n<p style=\"text-align: left;\"><span style=\"font-family: 'Ubuntu',sans-serif; font-size: 14px; color: #1f1f1f;\">Siempre sabemos que esta pasando con ellas.<\/span><\/p>\n<p style=\"text-align: left;\"><span style=\"font-family: 'Ubuntu',sans-serif; font-size: 14px; color: #1f1f1f;\">Y tambi\u00e9n contamos con moderna maquinaria para el tratamiento y transporte de paleta y mercanc\u00eda en general.<\/span><\/p>\n<p style=\"text-align: left;\"><span style=\"color: #1f1f1f; font-family: 'Ubuntu',sans-serif; font-size: 14px;\">Una ventaja a la hora de contratar nuestros servicios de carga, que reduce dram\u00e1ticamente el coste del transporte.<\/span><\/p>\n<p style=\"text-align: left;\"><span style=\"font-family: 'Ubuntu',sans-serif; font-size: 14px; color: #1f1f1f;\">Una de nuestras razones de existir, es dar un servicio mejor que aquel que nos contratan. <\/span><\/p>\n<p style=\"text-align: left;\"><span style=\"font-family: 'Ubuntu',sans-serif; font-size: 14px; color: #1f1f1f;\">Es uno de los valores que realzan nuestra empresa de transportes.<\/span><\/p>\n<p style=\"text-align: left;\"><span style=\"font-family: 'Ubuntu',sans-serif; font-size: 14px; color: #1f1f1f;\">Y con nuestro almac\u00e9n de log\u00edstica, ayudamos a mas empresas y clientes a mejorar su rapidez de respuesta, ahorr\u00e1ndoles costes adicionales.<\/span><\/p>\n<p style=\"text-align: left;\"><span style=\"font-size: 14px; color: #1f1f1f; font-family: 'Ubuntu',sans-serif;\">Ll\u00e1menos al<span style=\"color: #005ec7;\"> <big> <i class=\"fa fa-phone\"> <a style=\"color: #005ec7;\" href=\"tel:961514924\"> TEL: 96 151 49 24<\/a>\u00a0 <\/i><\/big><\/span>y le informaremos sin compromiso de las condiciones y precios de envi\u00f3 y almacenaje.<\/span><\/p>\n<p><span style=\"border-radius: 2px; text-indent: 20px; width: auto; padding: 0px 4px 0px 0px; text-align: center; font: bold 11px\/20px 'Helvetica Neue',Helvetica,sans-serif; color: #ffffff; background: #bd081c none no-repeat scroll 3px 50% \/ 14px 14px; position: absolute; opacity: 1; z-index: 8675309; display: none; cursor: pointer;\">Guardar<\/span><\/p>\n<p><span style=\"border-radius: 2px; text-indent: 20px; width: auto; padding: 0px 4px 0px 0px; text-align: center; font: bold 11px\/20px 'Helvetica Neue',Helvetica,sans-serif; color: #ffffff; background: #bd081c no-repeat scroll 3px 50% \/ 14px 14px; position: absolute; opacity: 1; z-index: 8675309; display: none; cursor: pointer;\">Guardar<\/span><\/p>\n<p><span style=\"border-radius: 2px; text-indent: 20px; width: auto; padding: 0px 4px 0px 0px; text-align: center; font: bold 11px\/20px 'Helvetica Neue',Helvetica,sans-serif; color: #ffffff; background: #bd081c no-repeat scroll 3px 50% \/ 14px 14px; position: absolute; opacity: 1; z-index: 8675309; display: none; cursor: pointer;\">Guardar<\/span><\/p>\n<p><span style=\"border-radius: 2px; text-indent: 20px; width: auto; padding: 0px 4px 0px 0px; text-align: center; font: bold 11px\/20px 'Helvetica Neue',Helvetica,sans-serif; color: #ffffff; background: #bd081c no-repeat scroll 3px 50% \/ 14px 14px; position: absolute; opacity: 1; z-index: 8675309; display: none; cursor: pointer;\">Guardar<\/span><\/p>\n<p><span style=\"border-radius: 2px; text-indent: 20px; width: auto; padding: 0px 4px 0px 0px; text-align: center; font: bold 11px\/20px 'Helvetica Neue',Helvetica,sans-serif; color: #ffffff; background: #bd081c no-repeat scroll 3px 50% \/ 14px 14px; position: absolute; opacity: 1; z-index: 8675309; display: none; cursor: pointer;\">Guardar<\/span><\/p>\n<p><span style=\"border-radius: 2px; text-indent: 20px; width: auto; padding: 0px 4px 0px 0px; text-align: center; font: bold 11px\/20px 'Helvetica Neue',Helvetica,sans-serif; color: #ffffff; background: #bd081c no-repeat scroll 3px 50% \/ 14px 14px; position: absolute; opacity: 1; z-index: 8675309; display: none; cursor: pointer;\">Guardar<\/span><\/p>\n<p><span style=\"border-radius: 2px; text-indent: 20px; width: auto; padding: 0px 4px 0px 0px; text-align: center; font: bold 11px\/20px 'Helvetica Neue',Helvetica,sans-serif; color: #ffffff; background: #bd081c no-repeat scroll 3px 50% \/ 14px 14px; position: absolute; opacity: 1; z-index: 8675309; display: none; cursor: pointer;\">Guardar<\/span><\/p>\n<p><span style=\"border-radius: 2px; text-indent: 20px; width: auto; padding: 0px 4px 0px 0px; text-align: center; font: bold 11px\/20px 'Helvetica Neue',Helvetica,sans-serif; color: #ffffff; background: #bd081c no-repeat scroll 3px 50% \/ 14px 14px; position: absolute; opacity: 1; z-index: 8675309; display: none; cursor: pointer;\">Guardar<\/span><\/p>\n","protected":false},"excerpt":{"rendered":"<p>&nbsp; &nbsp; &nbsp; &nbsp; &nbsp; Nuestro almac\u00e9n y log\u00edstica en transporte de mercanc\u00edas, esta totalmente a disposici\u00f3n de nuestros clientes y ofrece m\u00faltiples beneficios a sus empresas. Se trata de una nave industrial de 1.500 metros cuadrados de superficie y 10 metros de altura. Unas instalaciones nuevas, modernas, totalmente equipadas y funcionales, a su servicio. Todas las mercanc\u00edas est\u00e1n controladas y aseguradas, por lo que es totalmente seguro usar nuestro servicio de almac\u00e9n log\u00edstico. Ademas, disponemos de alarmas y c\u00e1maras de seguridad que monitor izan constantemente cada movimiento para una mayor seguridad de las mercanc\u00edas. Siempre sabemos que esta pasando [&hellip;]<\/p>\n","protected":false},"author":1,"featured_media":0,"parent":0,"menu_order":0,"comment_status":"closed","ping_status":"closed","template":"page-templates\/frontpage-full-width.php","meta":[],"yoast_head":"<!-- This site is optimized with the Yoast SEO plugin v14.7 - https:\/\/yoast.com\/wordpress\/plugins\/seo\/ -->\n<title>ALMACEN Y LOGISTICA - Blog de Transporte Mercancias-Transportes Joaquin Buendia-Transporte y Logistica<\/title>\n<meta name=\"description\" content=\"Transporte de mercancia, logistica y carga en toda espa\u00f1a. rutas madrid valencia. levante madrid.\" \/>\n<meta name=\"robots\" content=\"index, follow\" \/>\n<meta name=\"googlebot\" content=\"index, follow, max-snippet:-1, max-image-preview:large, max-video-preview:-1\" \/>\n<meta name=\"bingbot\" content=\"index, follow, max-snippet:-1, max-image-preview:large, max-video-preview:-1\" \/>\n<link rel=\"canonical\" href=\"https:\/\/transjbuendia.com\/blog\/almacen-y-logistica\/\" \/>\n<meta property=\"og:locale\" content=\"es_ES\" \/>\n<meta property=\"og:type\" content=\"article\" \/>\n<meta property=\"og:title\" content=\"ALMACEN Y LOGISTICA - Blog de Transporte Mercancias-Transportes Joaquin Buendia-Transporte y Logistica\" \/>\n<meta property=\"og:description\" content=\"Transporte de mercancia, logistica y carga en toda espa\u00f1a. rutas madrid valencia. levante madrid.\" \/>\n<meta property=\"og:url\" content=\"https:\/\/transjbuendia.com\/blog\/almacen-y-logistica\/\" \/>\n<meta property=\"og:site_name\" content=\"Blog de Transporte Mercancias-Transportes Joaquin Buendia-Transporte y Logistica\" \/>\n<meta property=\"article:publisher\" content=\"https:\/\/www.facebook.com\/Transportes-Joaquin-Buendia-829489800539210\/\" \/>\n<meta property=\"article:author\" content=\"https:\/\/www.facebook.com\/Transportes-Joaquin-Buendia-829489800539210\/\" \/>\n<meta property=\"article:modified_time\" content=\"2020-06-23T10:26:37+00:00\" \/>\n<meta property=\"og:image\" content=\"https:\/\/transjbuendia.com\/blog\/wp-content\/uploads\/2017\/05\/CAMION-4-EDIT.jpeg\" \/>\n<meta name=\"twitter:card\" content=\"summary\" \/>\n<meta name=\"twitter:creator\" content=\"@TransJBuendia\" \/>\n<meta name=\"twitter:site\" content=\"@TransJBuendia\" \/>\n<script type=\"application\/ld+json\" class=\"yoast-schema-graph\">{\"@context\":\"https:\/\/schema.org\",\"@graph\":[{\"@type\":\"WebSite\",\"@id\":\"https:\/\/transjbuendia.com\/blog\/#website\",\"url\":\"https:\/\/transjbuendia.com\/blog\/\",\"name\":\"Blog de Transporte Mercancias-Transportes Joaquin Buendia-Transporte y Logistica\",\"description\":\"carga, logistica y transporte de mercancias. Ruta Madrid Valencia.\",\"potentialAction\":[{\"@type\":\"SearchAction\",\"target\":\"https:\/\/transjbuendia.com\/blog\/?s={search_term_string}\",\"query-input\":\"required name=search_term_string\"}],\"inLanguage\":\"es\"},{\"@type\":\"ImageObject\",\"@id\":\"https:\/\/transjbuendia.com\/blog\/almacen-y-logistica\/#primaryimage\",\"inLanguage\":\"es\",\"url\":\"https:\/\/transjbuendia.com\/blog\/wp-content\/uploads\/2017\/05\/CAMION-4-EDIT.jpeg\",\"width\":755,\"height\":731},{\"@type\":\"WebPage\",\"@id\":\"https:\/\/transjbuendia.com\/blog\/almacen-y-logistica\/#webpage\",\"url\":\"https:\/\/transjbuendia.com\/blog\/almacen-y-logistica\/\",\"name\":\"ALMACEN Y LOGISTICA - Blog de Transporte Mercancias-Transportes Joaquin Buendia-Transporte y Logistica\",\"isPartOf\":{\"@id\":\"https:\/\/transjbuendia.com\/blog\/#website\"},\"primaryImageOfPage\":{\"@id\":\"https:\/\/transjbuendia.com\/blog\/almacen-y-logistica\/#primaryimage\"},\"datePublished\":\"2017-05-10T06:37:29+00:00\",\"dateModified\":\"2020-06-23T10:26:37+00:00\",\"description\":\"Transporte de mercancia, logistica y carga en toda espa\\u00f1a. rutas madrid valencia. levante madrid.\",\"inLanguage\":\"es\",\"potentialAction\":[{\"@type\":\"ReadAction\",\"target\":[\"https:\/\/transjbuendia.com\/blog\/almacen-y-logistica\/\"]}]}]}<\/script>\n<!-- \/ Yoast SEO plugin. -->","_links":{"self":[{"href":"https:\/\/transjbuendia.com\/blog\/wp-json\/wp\/v2\/pages\/110"}],"collection":[{"href":"https:\/\/transjbuendia.com\/blog\/wp-json\/wp\/v2\/pages"}],"about":[{"href":"https:\/\/transjbuendia.com\/blog\/wp-json\/wp\/v2\/types\/page"}],"author":[{"embeddable":true,"href":"https:\/\/transjbuendia.com\/blog\/wp-json\/wp\/v2\/users\/1"}],"replies":[{"embeddable":true,"href":"https:\/\/transjbuendia.com\/blog\/wp-json\/wp\/v2\/comments?post=110"}],"version-history":[{"count":2,"href":"https:\/\/transjbuendia.com\/blog\/wp-json\/wp\/v2\/pages\/110\/revisions"}],"predecessor-version":[{"id":913,"href":"https:\/\/transjbuendia.com\/blog\/wp-json\/wp\/v2\/pages\/110\/revisions\/913"}],"wp:attachment":[{"href":"https:\/\/transjbuendia.com\/blog\/wp-json\/wp\/v2\/media?parent=110"}],"curies":[{"name":"wp","href":"https:\/\/api.w.org\/{rel}","templated":true}]}}